{"id":2001,"date":"2024-07-29T09:50:55","date_gmt":"2024-07-29T09:50:55","guid":{"rendered":"https:\/\/tatliarslan.av.tr\/our-working-areas\/corporate-and-commercial-law\/"},"modified":"2024-10-13T12:03:53","modified_gmt":"2024-10-13T12:03:53","slug":"corporate-and-commercial-law","status":"publish","type":"page","link":"https:\/\/tatliarslan.av.tr\/en\/working-areas\/corporate-and-commercial-law\/","title":{"rendered":"Corporate and Commercial Law"},"content":{"rendered":"\t\t<div data-elementor-type=\"wp-page\" data-elementor-id=\"2001\" class=\"elementor elementor-2001\" data-elementor-post-type=\"page\">\n\t\t\t\t<div class=\"elementor-element elementor-element-e2abebd vv e-flex e-con-boxed e-con e-parent\" data-id=\"e2abebd\" data-element_type=\"container\" data-e-type=\"container\" data-settings=\"{&quot;background_background&quot;:&quot;classic&quot;,&quot;sticky&quot;:&quot;top&quot;,&quot;sticky_on&quot;:[&quot;desktop&quot;,&quot;tablet&quot;,&quot;mobile&quot;],&quot;sticky_offset&quot;:0,&quot;sticky_effects_offset&quot;:0}\">\n\t\t\t\t\t<div class=\"e-con-inner\">\n\t\t<div class=\"elementor-element elementor-element-4229110 e-con-full e-flex e-con e-child\" data-id=\"4229110\" data-element_type=\"container\" data-e-type=\"container\">\n\t\t\t\t<div class=\"elementor-element elementor-element-68a1699 elementor-widget elementor-widget-avo-logo\" data-id=\"68a1699\" data-element_type=\"widget\" data-e-type=\"widget\" data-widget_type=\"avo-logo.default\">\n\t\t\t\t<div class=\"elementor-widget-container\">\n\t\t\t\t\t \r\n\t\t \r\n         <div class=\"custom-logo\">\r\n\t\t\t<a href=\"https:\/\/tatliarslan.av.tr\/en\/\">\r\n\t\t\t\t\t<img decoding=\"async\" alt=\"Logo\" class=\"custom-logo-light\"  style=height:65px src=\"http:\/\/tatliarslan.av.tr\/wp-content\/uploads\/2024\/10\/ta_logo_white-01.svg\"> \r\n\r\n\t\t\t\t\t<img decoding=\"async\" alt=\"Logo\" class=\"custom-logo-dark\"  style=height:65px src=\"http:\/\/tatliarslan.av.tr\/wp-content\/uploads\/2024\/10\/ta_logo-01.svg\">\r\n\t\t\t<\/a>\r\n         <\/div>\r\n\t\t\r\n\t\t\t\t\t<\/div>\n\t\t\t\t<\/div>\n\t\t\t\t<\/div>\n\t\t<div class=\"elementor-element elementor-element-3689723 e-con-full e-flex e-con e-child\" data-id=\"3689723\" data-element_type=\"container\" data-e-type=\"container\">\n\t\t\t\t<div class=\"elementor-element elementor-element-6edfea6 elementor-widget elementor-widget-avo-menu\" data-id=\"6edfea6\" data-element_type=\"widget\" data-e-type=\"widget\" data-widget_type=\"avo-menu.default\">\n\t\t\t\t<div class=\"elementor-widget-container\">\n\t\t\t\t\t\t\t\t\t\t\t\t\r\n                            <div class=\"avo-nav style-2 custom-sticky no-bg\">\r\n                                <div class=\"main-menu menu-wrapper hidden-xs hidden-sm  \">\r\n                                    <div class=\"menu-menu-1-container\"><ul id=\"menu-menu-1\" class=\"home-nav navigation menu\"><li id=\"menu-item-1334\" class=\"menu-item menu-item-type-post_type menu-item-object-page menu-item-home menu-item-1334\"><a href=\"https:\/\/tatliarslan.av.tr\/anasayfa\/\">Home<\/a><\/li>\n<li id=\"menu-item-1352\" class=\"menu-item menu-item-type-post_type menu-item-object-page menu-item-1352\"><a href=\"https:\/\/tatliarslan.av.tr\/hakkimizda\/\">About<\/a><\/li>\n<li id=\"menu-item-1335\" class=\"menu-item menu-item-type-post_type menu-item-object-page menu-item-1335\"><a href=\"https:\/\/tatliarslan.av.tr\/calisma-alanlarimiz\/\">Working Areas<\/a><\/li>\n<li id=\"menu-item-1351\" class=\"menu-item menu-item-type-post_type menu-item-object-page menu-item-1351\"><a href=\"https:\/\/tatliarslan.av.tr\/ekibimiz\/\">Team<\/a><\/li>\n<li id=\"menu-item-1353\" class=\"menu-item menu-item-type-post_type menu-item-object-page menu-item-1353\"><a href=\"https:\/\/tatliarslan.av.tr\/iletisim\/\">Contact<\/a><\/li>\n<li id=\"menu-item-wpml-ls-12-en\" class=\"menu-item wpml-ls-slot-12 wpml-ls-item wpml-ls-item-en wpml-ls-current-language wpml-ls-menu-item wpml-ls-first-item menu-item-type-wpml_ls_menu_item menu-item-object-wpml_ls_menu_item menu-item-has-children menu-item-wpml-ls-12-en\"><a href=\"http:\/\/tatliarslan.av.tr\/en\/\" title=\"English\"><img decoding=\"async\"\n            class=\"wpml-ls-flag\"\n            src=\"https:\/\/tatliarslan.av.tr\/wp-content\/plugins\/sitepress-multilingual-cms\/res\/flags\/en.svg\"\n            alt=\"\"\n            \n            \n    \/><span class=\"wpml-ls-native\" lang=\"en\">English<\/span><\/a>\n<ul class=\"sub-menu\">\n\t<li id=\"menu-item-wpml-ls-12-tr\" class=\"menu-item wpml-ls-slot-12 wpml-ls-item wpml-ls-item-tr wpml-ls-menu-item wpml-ls-last-item menu-item-type-wpml_ls_menu_item menu-item-object-wpml_ls_menu_item menu-item-wpml-ls-12-tr\"><a href=\"http:\/\/tatliarslan.av.tr\/\" title=\"Turkish\"><img decoding=\"async\"\n            class=\"wpml-ls-flag\"\n            src=\"https:\/\/tatliarslan.av.tr\/wp-content\/plugins\/sitepress-multilingual-cms\/res\/flags\/tr.svg\"\n            alt=\"\"\n            \n            \n    \/><span class=\"wpml-ls-native\" lang=\"tr\">T\u00fcrk\u00e7e<\/span><span class=\"wpml-ls-display\"><span class=\"wpml-ls-bracket\"> (<\/span>Turkish<span class=\"wpml-ls-bracket\">)<\/span><\/span><\/a><\/li>\n<\/ul>\n<\/li>\n<\/ul><\/div>                                <\/div><!--\/.menu-box-->\r\n                                <div class=\"mobile-wrapper hidden-lg hidden-md\">\r\n                                \t<a href=\"#\" class=\"hamburger\"><div class=\"hamburger__icon\"><\/div><\/a>\r\n                                    <div class=\"fat-nav\">\r\n                                        <div class=\"fat-nav__wrapper\">\r\n                                            \t\t\t\t\t\t\t\t\t\t\t\r\n\t\t\t\t\t\t\t\t\t\t\t<div class=\"fat-list\"> <ul id=\"menu-menu-2\" class=\"mob-nav  menu\"><li class=\"menu-item menu-item-type-post_type menu-item-object-page menu-item-home menu-item-1334\"><a href=\"https:\/\/tatliarslan.av.tr\/anasayfa\/\">Home<\/a><\/li>\n<li class=\"menu-item menu-item-type-post_type menu-item-object-page menu-item-1352\"><a href=\"https:\/\/tatliarslan.av.tr\/hakkimizda\/\">About<\/a><\/li>\n<li class=\"menu-item menu-item-type-post_type menu-item-object-page menu-item-1335\"><a href=\"https:\/\/tatliarslan.av.tr\/calisma-alanlarimiz\/\">Working Areas<\/a><\/li>\n<li class=\"menu-item menu-item-type-post_type menu-item-object-page menu-item-1351\"><a href=\"https:\/\/tatliarslan.av.tr\/ekibimiz\/\">Team<\/a><\/li>\n<li class=\"menu-item menu-item-type-post_type menu-item-object-page menu-item-1353\"><a href=\"https:\/\/tatliarslan.av.tr\/iletisim\/\">Contact<\/a><\/li>\n<li class=\"menu-item wpml-ls-slot-12 wpml-ls-item wpml-ls-item-en wpml-ls-current-language wpml-ls-menu-item wpml-ls-first-item menu-item-type-wpml_ls_menu_item menu-item-object-wpml_ls_menu_item menu-item-has-children menu-item-wpml-ls-12-en\"><a href=\"http:\/\/tatliarslan.av.tr\/en\/\" title=\"English\"><img decoding=\"async\"\n            class=\"wpml-ls-flag\"\n            src=\"https:\/\/tatliarslan.av.tr\/wp-content\/plugins\/sitepress-multilingual-cms\/res\/flags\/en.svg\"\n            alt=\"\"\n            \n            \n    \/><span class=\"wpml-ls-native\" lang=\"en\">English<\/span><\/a>\n<ul class=\"sub-menu\">\n\t<li class=\"menu-item wpml-ls-slot-12 wpml-ls-item wpml-ls-item-tr wpml-ls-menu-item wpml-ls-last-item menu-item-type-wpml_ls_menu_item menu-item-object-wpml_ls_menu_item menu-item-wpml-ls-12-tr\"><a href=\"http:\/\/tatliarslan.av.tr\/\" title=\"Turkish\"><img decoding=\"async\"\n            class=\"wpml-ls-flag\"\n            src=\"https:\/\/tatliarslan.av.tr\/wp-content\/plugins\/sitepress-multilingual-cms\/res\/flags\/tr.svg\"\n            alt=\"\"\n            \n            \n    \/><span class=\"wpml-ls-native\" lang=\"tr\">T\u00fcrk\u00e7e<\/span><span class=\"wpml-ls-display\"><span class=\"wpml-ls-bracket\"> (<\/span>Turkish<span class=\"wpml-ls-bracket\">)<\/span><\/span><\/a><\/li>\n<\/ul>\n<\/li>\n<\/ul><\/div>\r\n                                        <\/div>\r\n                                    <\/div>\r\n                                <\/div><!--\/.box-mobile-->\r\n                            <\/div>\t\t\t\t<\/div>\n\t\t\t\t<\/div>\n\t\t\t\t<\/div>\n\t\t\t\t\t<\/div>\n\t\t\t\t<\/div>\n\t\t<div class=\"elementor-element elementor-element-ebcd3ea e-flex e-con-boxed e-con e-parent\" data-id=\"ebcd3ea\" data-element_type=\"container\" data-e-type=\"container\" data-settings=\"{&quot;background_background&quot;:&quot;classic&quot;}\">\n\t\t\t\t\t<div class=\"e-con-inner\">\n\t\t<div class=\"elementor-element elementor-element-ea55838 e-con-full e-flex e-con e-child\" data-id=\"ea55838\" data-element_type=\"container\" data-e-type=\"container\">\n\t\t\t\t<div class=\"elementor-element elementor-element-8936e11 elementor-invisible elementor-widget elementor-widget-avo-title\" data-id=\"8936e11\" data-element_type=\"widget\" data-e-type=\"widget\" data-settings=\"{&quot;_animation&quot;:&quot;fadeInUp&quot;}\" data-widget_type=\"avo-title.default\">\n\t\t\t\t<div class=\"elementor-widget-container\">\n\t\t\t\t\t \r\n<div class=\"avo-title style-1 \">\r\n\r\n\t    <div class=\"animate sub-title\">\r\n        <h6> <\/h6>\r\n        <span><\/span>\r\n        <span><\/span>\r\n        <span><\/span>\r\n    <\/div>\r\n    \r\n        <h3 class=\"main-title \" data-splitting>Corporate and Commercial Law<\/h3>\r\n        <p class=\" txt\" data-splitting><\/p>\r\n\t<\/div>\t\t\t\t<\/div>\n\t\t\t\t<\/div>\n\t\t\t\t<\/div>\n\t\t\t\t\t<\/div>\n\t\t\t\t<\/div>\n\t\t<div class=\"elementor-element elementor-element-105bbbd e-flex e-con-boxed e-con e-parent\" data-id=\"105bbbd\" data-element_type=\"container\" data-e-type=\"container\">\n\t\t\t\t\t<div class=\"e-con-inner\">\n\t\t<div class=\"elementor-element elementor-element-b09a0f0 e-con-full e-flex e-con e-child\" data-id=\"b09a0f0\" data-element_type=\"container\" data-e-type=\"container\">\n\t\t\t\t<div class=\"elementor-element elementor-element-e8fd409 elementor-widget elementor-widget-image\" data-id=\"e8fd409\" data-element_type=\"widget\" data-e-type=\"widget\" data-widget_type=\"image.default\">\n\t\t\t\t<div class=\"elementor-widget-container\">\n\t\t\t\t\t\t\t\t\t\t\t\t\t\t\t<img fetchpriority=\"high\" decoding=\"async\" width=\"400\" height=\"600\" src=\"https:\/\/tatliarslan.av.tr\/wp-content\/uploads\/2024\/09\/0011_001.png\" class=\"attachment-large size-large wp-image-1498\" alt=\"\" \/>\t\t\t\t\t\t\t\t\t\t\t\t\t\t\t<\/div>\n\t\t\t\t<\/div>\n\t\t\t\t<\/div>\n\t\t<div class=\"elementor-element elementor-element-17a1fbe e-con-full e-flex e-con e-child\" data-id=\"17a1fbe\" data-element_type=\"container\" data-e-type=\"container\">\n\t\t\t\t<div class=\"elementor-element elementor-element-f50fc3e elementor-invisible elementor-widget elementor-widget-avo-title\" data-id=\"f50fc3e\" data-element_type=\"widget\" data-e-type=\"widget\" data-settings=\"{&quot;_animation&quot;:&quot;fadeInUp&quot;}\" data-widget_type=\"avo-title.default\">\n\t\t\t\t<div class=\"elementor-widget-container\">\n\t\t\t\t\t \r\n<div class=\"avo-title style-1 \">\r\n\r\n\t    <div class=\"animate sub-title\">\r\n        <h6> <\/h6>\r\n        <span><\/span>\r\n        <span><\/span>\r\n        <span><\/span>\r\n    <\/div>\r\n    \r\n        <p class=\" txt\" data-splitting><\/p>\r\n\t<\/div>\t\t\t\t<\/div>\n\t\t\t\t<\/div>\n\t\t\t\t<div class=\"elementor-element elementor-element-e205dd7 elementor-widget elementor-widget-text-editor\" data-id=\"e205dd7\" data-element_type=\"widget\" data-e-type=\"widget\" data-widget_type=\"text-editor.default\">\n\t\t\t\t<div class=\"elementor-widget-container\">\n\t\t\t\t\t\t\t\t\t<p>Our Corporate and Commercial Law practice specializes in providing comprehensive legal support for corporate governance, mergers and acquisitions, commercial transactions, and regulatory compliance. We assist clients in navigating complex corporate structures and commercial dealings, ensuring that transactions are executed smoothly and in full compliance with applicable laws. Our team advises multinational corporations, small and medium enterprises, and startups, offering strategic insights and practical solutions tailored to your business needs. Whether it&#8217;s drafting shareholder agreements, negotiating commercial contracts, or advising on joint ventures, we provide integrated legal services that align with your corporate and commercial objectives.<\/p>\t\t\t\t\t\t\t\t<\/div>\n\t\t\t\t<\/div>\n\t\t\t\t<div class=\"elementor-element elementor-element-dbeb686 elementor-widget elementor-widget-text-editor\" data-id=\"dbeb686\" data-element_type=\"widget\" data-e-type=\"widget\" data-widget_type=\"text-editor.default\">\n\t\t\t\t<div class=\"elementor-widget-container\">\n\t\t\t\t\t\t\t\t\t<p><strong>Our practice includes:<\/strong><\/p><ul><li>Mergers and acquisitions<\/li><li>Corporate governance<\/li><li>Commercial contracts<\/li><li>Shareholder agreements<\/li><li>Joint ventures<\/li><li>Corporate restructuring<\/li><li>Regulatory compliance<\/li><li>Corporate finance<\/li><li>Business structuring and strategy<\/li><\/ul>\t\t\t\t\t\t\t\t<\/div>\n\t\t\t\t<\/div>\n\t\t\t\t<\/div>\n\t\t\t\t\t<\/div>\n\t\t\t\t<\/div>\n\t\t\t\t<section class=\"elementor-section elementor-top-section elementor-element elementor-element-9b7f13c elementor-section-full_width elementor-section-height-default elementor-section-height-default\" data-id=\"9b7f13c\" data-element_type=\"section\" data-e-type=\"section\" data-settings=\"{&quot;background_background&quot;:&quot;classic&quot;}\">\n\t\t\t\t\t\t\t<div class=\"elementor-background-overlay\"><\/div>\n\t\t\t\t\t\t\t<div class=\"elementor-container elementor-column-gap-no\">\n\t\t\t\t\t<div class=\"elementor-column elementor-col-50 elementor-top-column elementor-element elementor-element-1fb0737\" data-id=\"1fb0737\" data-element_type=\"column\" data-e-type=\"column\" data-settings=\"{&quot;background_background&quot;:&quot;classic&quot;}\">\n\t\t\t<div class=\"elementor-widget-wrap elementor-element-populated\">\n\t\t\t\t\t\t<div class=\"elementor-element elementor-element-1af6b13 elementor-widget elementor-widget-image\" data-id=\"1af6b13\" data-element_type=\"widget\" data-e-type=\"widget\" data-widget_type=\"image.default\">\n\t\t\t\t<div class=\"elementor-widget-container\">\n\t\t\t\t\t\t\t\t\t\t\t\t\t\t\t<img decoding=\"async\" width=\"300\" height=\"99\" src=\"https:\/\/tatliarslan.av.tr\/wp-content\/uploads\/2024\/06\/ta.png\" class=\"attachment-medium_large size-medium_large wp-image-11\" alt=\"\" \/>\t\t\t\t\t\t\t\t\t\t\t\t\t\t\t<\/div>\n\t\t\t\t<\/div>\n\t\t\t\t\t<\/div>\n\t\t<\/div>\n\t\t\t\t<div class=\"elementor-column elementor-col-50 elementor-top-column elementor-element elementor-element-1678be2\" data-id=\"1678be2\" data-element_type=\"column\" data-e-type=\"column\">\n\t\t\t<div class=\"elementor-widget-wrap elementor-element-populated\">\n\t\t\t\t\t\t<div class=\"elementor-element elementor-element-c4be259 elementor-widget elementor-widget-heading\" data-id=\"c4be259\" data-element_type=\"widget\" data-e-type=\"widget\" data-widget_type=\"heading.default\">\n\t\t\t\t<div class=\"elementor-widget-container\">\n\t\t\t\t\t<h2 class=\"elementor-heading-title elementor-size-default\"><strong>Email :<\/strong>  info@tatliarslan.av.tr<\/h2>\t\t\t\t<\/div>\n\t\t\t\t<\/div>\n\t\t\t\t<div class=\"elementor-element elementor-element-7686dd4 elementor-widget elementor-widget-spacer\" data-id=\"7686dd4\" data-element_type=\"widget\" data-e-type=\"widget\" data-widget_type=\"spacer.default\">\n\t\t\t\t<div class=\"elementor-widget-container\">\n\t\t\t\t\t\t\t<div class=\"elementor-spacer\">\n\t\t\t<div class=\"elementor-spacer-inner\"><\/div>\n\t\t<\/div>\n\t\t\t\t\t\t<\/div>\n\t\t\t\t<\/div>\n\t\t\t\t<div class=\"elementor-element elementor-element-1a0c0f5 elementor-widget elementor-widget-heading\" data-id=\"1a0c0f5\" data-element_type=\"widget\" data-e-type=\"widget\" data-widget_type=\"heading.default\">\n\t\t\t\t<div class=\"elementor-widget-container\">\n\t\t\t\t\t<h2 class=\"elementor-heading-title elementor-size-default\"><strong>Address :<\/strong>  Maslak Mah. Ahi Evran Cad. No:21,  Polaris Plaza, D:65, Sar\u0131yer \/ \u0130stanbul<\/h2>\t\t\t\t<\/div>\n\t\t\t\t<\/div>\n\t\t\t\t<div class=\"elementor-element elementor-element-45dcf25 elementor-widget elementor-widget-spacer\" data-id=\"45dcf25\" data-element_type=\"widget\" data-e-type=\"widget\" data-widget_type=\"spacer.default\">\n\t\t\t\t<div class=\"elementor-widget-container\">\n\t\t\t\t\t\t\t<div class=\"elementor-spacer\">\n\t\t\t<div class=\"elementor-spacer-inner\"><\/div>\n\t\t<\/div>\n\t\t\t\t\t\t<\/div>\n\t\t\t\t<\/div>\n\t\t\t\t<div class=\"elementor-element elementor-element-3c178ac elementor-widget elementor-widget-heading\" data-id=\"3c178ac\" data-element_type=\"widget\" data-e-type=\"widget\" data-widget_type=\"heading.default\">\n\t\t\t\t<div class=\"elementor-widget-container\">\n\t\t\t\t\t<h2 class=\"elementor-heading-title elementor-size-default\"><strong>Phone :<\/strong> (+90) 212 416 04 01<\/h2>\t\t\t\t<\/div>\n\t\t\t\t<\/div>\n\t\t\t\t\t<\/div>\n\t\t<\/div>\n\t\t\t\t\t<\/div>\n\t\t<\/section>\n\t\t\t\t<\/div>\n\t\t","protected":false},"excerpt":{"rendered":"<p>Anasayfa Hakk\u0131m\u0131zda \u00c7al\u0131\u015fma Alanlar\u0131m\u0131z Ekibimiz \u0130leti\u015fim Anasayfa Hakk\u0131m\u0131zda \u00c7al\u0131\u015fma Alanlar\u0131m\u0131z Ekibimiz \u0130leti\u015fim Corporate and Commercial Law Our Corporate and Commercial Law practice specializes in providing comprehensive legal support for corporate governance, mergers and acquisitions, commercial transactions, and regulatory compliance. We assist clients in navigating complex corporate structures and commercial dealings, ensuring that transactions are executed smoothly and in full compliance &hellip;<\/p>\n","protected":false},"author":1,"featured_media":0,"parent":1952,"menu_order":0,"comment_status":"closed","ping_status":"closed","template":"","meta":{"inline_featured_image":false,"footnotes":""},"class_list":["post-2001","page","type-page","status-publish","hentry"],"_links":{"self":[{"href":"https:\/\/tatliarslan.av.tr\/en\/wp-json\/wp\/v2\/pages\/2001","targetHints":{"allow":["GET"]}}],"collection":[{"href":"https:\/\/tatliarslan.av.tr\/en\/wp-json\/wp\/v2\/pages"}],"about":[{"href":"https:\/\/tatliarslan.av.tr\/en\/wp-json\/wp\/v2\/types\/page"}],"author":[{"embeddable":true,"href":"https:\/\/tatliarslan.av.tr\/en\/wp-json\/wp\/v2\/users\/1"}],"replies":[{"embeddable":true,"href":"https:\/\/tatliarslan.av.tr\/en\/wp-json\/wp\/v2\/comments?post=2001"}],"version-history":[{"count":15,"href":"https:\/\/tatliarslan.av.tr\/en\/wp-json\/wp\/v2\/pages\/2001\/revisions"}],"predecessor-version":[{"id":2084,"href":"https:\/\/tatliarslan.av.tr\/en\/wp-json\/wp\/v2\/pages\/2001\/revisions\/2084"}],"up":[{"embeddable":true,"href":"https:\/\/tatliarslan.av.tr\/en\/wp-json\/wp\/v2\/pages\/1952"}],"wp:attachment":[{"href":"https:\/\/tatliarslan.av.tr\/en\/wp-json\/wp\/v2\/media?parent=2001"}],"curies":[{"name":"wp","href":"https:\/\/api.w.org\/{rel}","templated":true}]}}