{"id":1993,"date":"2024-09-23T18:39:53","date_gmt":"2024-09-23T18:39:53","guid":{"rendered":"https:\/\/tatliarslan.av.tr\/our-working-areas\/insurance-law\/"},"modified":"2024-10-13T12:24:38","modified_gmt":"2024-10-13T12:24:38","slug":"insurance-law","status":"publish","type":"page","link":"https:\/\/tatliarslan.av.tr\/en\/working-areas\/insurance-law\/","title":{"rendered":"Insurance Law"},"content":{"rendered":"\t\t<div data-elementor-type=\"wp-page\" data-elementor-id=\"1993\" class=\"elementor elementor-1993\" data-elementor-post-type=\"page\">\n\t\t\t\t<div class=\"elementor-element elementor-element-ae05912 vv e-flex e-con-boxed e-con e-parent\" data-id=\"ae05912\" data-element_type=\"container\" data-e-type=\"container\" data-settings=\"{&quot;background_background&quot;:&quot;classic&quot;,&quot;sticky&quot;:&quot;top&quot;,&quot;sticky_on&quot;:[&quot;desktop&quot;,&quot;tablet&quot;,&quot;mobile&quot;],&quot;sticky_offset&quot;:0,&quot;sticky_effects_offset&quot;:0}\">\n\t\t\t\t\t<div class=\"e-con-inner\">\n\t\t<div class=\"elementor-element elementor-element-3b3547e e-con-full e-flex e-con e-child\" data-id=\"3b3547e\" data-element_type=\"container\" data-e-type=\"container\">\n\t\t\t\t<div class=\"elementor-element elementor-element-8f78f83 elementor-widget elementor-widget-avo-logo\" data-id=\"8f78f83\" data-element_type=\"widget\" data-e-type=\"widget\" data-widget_type=\"avo-logo.default\">\n\t\t\t\t<div class=\"elementor-widget-container\">\n\t\t\t\t\t \r\n\t\t \r\n         <div class=\"custom-logo\">\r\n\t\t\t<a href=\"https:\/\/tatliarslan.av.tr\/en\/\">\r\n\t\t\t\t\t<img decoding=\"async\" alt=\"Logo\" class=\"custom-logo-light\"  style=height:65px src=\"http:\/\/tatliarslan.av.tr\/wp-content\/uploads\/2024\/10\/ta_logo_white-01.svg\"> \r\n\r\n\t\t\t\t\t<img decoding=\"async\" alt=\"Logo\" class=\"custom-logo-dark\"  style=height:65px src=\"http:\/\/tatliarslan.av.tr\/wp-content\/uploads\/2024\/10\/ta_logo-01.svg\">\r\n\t\t\t<\/a>\r\n         <\/div>\r\n\t\t\r\n\t\t\t\t\t<\/div>\n\t\t\t\t<\/div>\n\t\t\t\t<\/div>\n\t\t<div class=\"elementor-element elementor-element-6b6c0db e-con-full e-flex e-con e-child\" data-id=\"6b6c0db\" data-element_type=\"container\" data-e-type=\"container\">\n\t\t\t\t<div class=\"elementor-element elementor-element-b8886cb elementor-widget elementor-widget-avo-menu\" data-id=\"b8886cb\" data-element_type=\"widget\" data-e-type=\"widget\" data-widget_type=\"avo-menu.default\">\n\t\t\t\t<div class=\"elementor-widget-container\">\n\t\t\t\t\t\t\t\t\t\t\t\t\r\n                            <div class=\"avo-nav style-2 custom-sticky no-bg\">\r\n                                <div class=\"main-menu menu-wrapper hidden-xs hidden-sm  \">\r\n                                    <div class=\"menu-menu-1-container\"><ul id=\"menu-menu-1\" class=\"home-nav navigation menu\"><li id=\"menu-item-1334\" class=\"menu-item menu-item-type-post_type menu-item-object-page menu-item-home menu-item-1334\"><a href=\"https:\/\/tatliarslan.av.tr\/anasayfa\/\">Home<\/a><\/li>\n<li id=\"menu-item-1352\" class=\"menu-item menu-item-type-post_type menu-item-object-page menu-item-1352\"><a href=\"https:\/\/tatliarslan.av.tr\/hakkimizda\/\">About<\/a><\/li>\n<li id=\"menu-item-1335\" class=\"menu-item menu-item-type-post_type menu-item-object-page menu-item-1335\"><a href=\"https:\/\/tatliarslan.av.tr\/calisma-alanlarimiz\/\">Working Areas<\/a><\/li>\n<li id=\"menu-item-1351\" class=\"menu-item menu-item-type-post_type menu-item-object-page menu-item-1351\"><a href=\"https:\/\/tatliarslan.av.tr\/ekibimiz\/\">Team<\/a><\/li>\n<li id=\"menu-item-1353\" class=\"menu-item menu-item-type-post_type menu-item-object-page menu-item-1353\"><a href=\"https:\/\/tatliarslan.av.tr\/iletisim\/\">Contact<\/a><\/li>\n<li id=\"menu-item-wpml-ls-12-en\" class=\"menu-item wpml-ls-slot-12 wpml-ls-item wpml-ls-item-en wpml-ls-current-language wpml-ls-menu-item wpml-ls-first-item menu-item-type-wpml_ls_menu_item menu-item-object-wpml_ls_menu_item menu-item-has-children menu-item-wpml-ls-12-en\"><a href=\"http:\/\/tatliarslan.av.tr\/en\/\" title=\"English\"><img decoding=\"async\"\n            class=\"wpml-ls-flag\"\n            src=\"https:\/\/tatliarslan.av.tr\/wp-content\/plugins\/sitepress-multilingual-cms\/res\/flags\/en.svg\"\n            alt=\"\"\n            \n            \n    \/><span class=\"wpml-ls-native\" lang=\"en\">English<\/span><\/a>\n<ul class=\"sub-menu\">\n\t<li id=\"menu-item-wpml-ls-12-tr\" class=\"menu-item wpml-ls-slot-12 wpml-ls-item wpml-ls-item-tr wpml-ls-menu-item wpml-ls-last-item menu-item-type-wpml_ls_menu_item menu-item-object-wpml_ls_menu_item menu-item-wpml-ls-12-tr\"><a href=\"http:\/\/tatliarslan.av.tr\/\" title=\"Turkish\"><img decoding=\"async\"\n            class=\"wpml-ls-flag\"\n            src=\"https:\/\/tatliarslan.av.tr\/wp-content\/plugins\/sitepress-multilingual-cms\/res\/flags\/tr.svg\"\n            alt=\"\"\n            \n            \n    \/><span class=\"wpml-ls-native\" lang=\"tr\">T\u00fcrk\u00e7e<\/span><span class=\"wpml-ls-display\"><span class=\"wpml-ls-bracket\"> (<\/span>Turkish<span class=\"wpml-ls-bracket\">)<\/span><\/span><\/a><\/li>\n<\/ul>\n<\/li>\n<\/ul><\/div>                                <\/div><!--\/.menu-box-->\r\n                                <div class=\"mobile-wrapper hidden-lg hidden-md\">\r\n                                \t<a href=\"#\" class=\"hamburger\"><div class=\"hamburger__icon\"><\/div><\/a>\r\n                                    <div class=\"fat-nav\">\r\n                                        <div class=\"fat-nav__wrapper\">\r\n                                            \t\t\t\t\t\t\t\t\t\t\t\r\n\t\t\t\t\t\t\t\t\t\t\t<div class=\"fat-list\"> <ul id=\"menu-menu-2\" class=\"mob-nav  menu\"><li class=\"menu-item menu-item-type-post_type menu-item-object-page menu-item-home menu-item-1334\"><a href=\"https:\/\/tatliarslan.av.tr\/anasayfa\/\">Home<\/a><\/li>\n<li class=\"menu-item menu-item-type-post_type menu-item-object-page menu-item-1352\"><a href=\"https:\/\/tatliarslan.av.tr\/hakkimizda\/\">About<\/a><\/li>\n<li class=\"menu-item menu-item-type-post_type menu-item-object-page menu-item-1335\"><a href=\"https:\/\/tatliarslan.av.tr\/calisma-alanlarimiz\/\">Working Areas<\/a><\/li>\n<li class=\"menu-item menu-item-type-post_type menu-item-object-page menu-item-1351\"><a href=\"https:\/\/tatliarslan.av.tr\/ekibimiz\/\">Team<\/a><\/li>\n<li class=\"menu-item menu-item-type-post_type menu-item-object-page menu-item-1353\"><a href=\"https:\/\/tatliarslan.av.tr\/iletisim\/\">Contact<\/a><\/li>\n<li class=\"menu-item wpml-ls-slot-12 wpml-ls-item wpml-ls-item-en wpml-ls-current-language wpml-ls-menu-item wpml-ls-first-item menu-item-type-wpml_ls_menu_item menu-item-object-wpml_ls_menu_item menu-item-has-children menu-item-wpml-ls-12-en\"><a href=\"http:\/\/tatliarslan.av.tr\/en\/\" title=\"English\"><img decoding=\"async\"\n            class=\"wpml-ls-flag\"\n            src=\"https:\/\/tatliarslan.av.tr\/wp-content\/plugins\/sitepress-multilingual-cms\/res\/flags\/en.svg\"\n            alt=\"\"\n            \n            \n    \/><span class=\"wpml-ls-native\" lang=\"en\">English<\/span><\/a>\n<ul class=\"sub-menu\">\n\t<li class=\"menu-item wpml-ls-slot-12 wpml-ls-item wpml-ls-item-tr wpml-ls-menu-item wpml-ls-last-item menu-item-type-wpml_ls_menu_item menu-item-object-wpml_ls_menu_item menu-item-wpml-ls-12-tr\"><a href=\"http:\/\/tatliarslan.av.tr\/\" title=\"Turkish\"><img decoding=\"async\"\n            class=\"wpml-ls-flag\"\n            src=\"https:\/\/tatliarslan.av.tr\/wp-content\/plugins\/sitepress-multilingual-cms\/res\/flags\/tr.svg\"\n            alt=\"\"\n            \n            \n    \/><span class=\"wpml-ls-native\" lang=\"tr\">T\u00fcrk\u00e7e<\/span><span class=\"wpml-ls-display\"><span class=\"wpml-ls-bracket\"> (<\/span>Turkish<span class=\"wpml-ls-bracket\">)<\/span><\/span><\/a><\/li>\n<\/ul>\n<\/li>\n<\/ul><\/div>\r\n                                        <\/div>\r\n                                    <\/div>\r\n                                <\/div><!--\/.box-mobile-->\r\n                            <\/div>\t\t\t\t<\/div>\n\t\t\t\t<\/div>\n\t\t\t\t<\/div>\n\t\t\t\t\t<\/div>\n\t\t\t\t<\/div>\n\t\t<div class=\"elementor-element elementor-element-672e0bf e-flex e-con-boxed e-con e-parent\" data-id=\"672e0bf\" data-element_type=\"container\" data-e-type=\"container\" data-settings=\"{&quot;background_background&quot;:&quot;classic&quot;}\">\n\t\t\t\t\t<div class=\"e-con-inner\">\n\t\t<div class=\"elementor-element elementor-element-4ebe73c e-con-full e-flex e-con e-child\" data-id=\"4ebe73c\" data-element_type=\"container\" data-e-type=\"container\">\n\t\t\t\t<div class=\"elementor-element elementor-element-34a04e3 elementor-invisible elementor-widget elementor-widget-avo-title\" data-id=\"34a04e3\" data-element_type=\"widget\" data-e-type=\"widget\" data-settings=\"{&quot;_animation&quot;:&quot;fadeInUp&quot;}\" data-widget_type=\"avo-title.default\">\n\t\t\t\t<div class=\"elementor-widget-container\">\n\t\t\t\t\t \r\n<div class=\"avo-title style-1 \">\r\n\r\n\t    <div class=\"animate sub-title\">\r\n        <h6> <\/h6>\r\n        <span><\/span>\r\n        <span><\/span>\r\n        <span><\/span>\r\n    <\/div>\r\n    \r\n        <h3 class=\"main-title \" data-splitting>Insurance Law <\/h3>\r\n        <p class=\" txt\" data-splitting><\/p>\r\n\t<\/div>\t\t\t\t<\/div>\n\t\t\t\t<\/div>\n\t\t\t\t<\/div>\n\t\t\t\t\t<\/div>\n\t\t\t\t<\/div>\n\t\t<div class=\"elementor-element elementor-element-2195a84 e-flex e-con-boxed e-con e-parent\" data-id=\"2195a84\" data-element_type=\"container\" data-e-type=\"container\">\n\t\t\t\t\t<div class=\"e-con-inner\">\n\t\t<div class=\"elementor-element elementor-element-554bb14 e-con-full e-flex e-con e-child\" data-id=\"554bb14\" data-element_type=\"container\" data-e-type=\"container\">\n\t\t\t\t<div class=\"elementor-element elementor-element-b2647d8 elementor-widget elementor-widget-image\" data-id=\"b2647d8\" data-element_type=\"widget\" data-e-type=\"widget\" data-widget_type=\"image.default\">\n\t\t\t\t<div class=\"elementor-widget-container\">\n\t\t\t\t\t\t\t\t\t\t\t\t\t\t\t<img fetchpriority=\"high\" decoding=\"async\" width=\"400\" height=\"600\" src=\"https:\/\/tatliarslan.av.tr\/wp-content\/uploads\/2024\/09\/0001_011.png\" class=\"attachment-large size-large wp-image-1500\" alt=\"\" \/>\t\t\t\t\t\t\t\t\t\t\t\t\t\t\t<\/div>\n\t\t\t\t<\/div>\n\t\t\t\t<\/div>\n\t\t<div class=\"elementor-element elementor-element-de40007 e-con-full e-flex e-con e-child\" data-id=\"de40007\" data-element_type=\"container\" data-e-type=\"container\">\n\t\t\t\t<div class=\"elementor-element elementor-element-3937dca elementor-invisible elementor-widget elementor-widget-avo-title\" data-id=\"3937dca\" data-element_type=\"widget\" data-e-type=\"widget\" data-settings=\"{&quot;_animation&quot;:&quot;fadeInUp&quot;}\" data-widget_type=\"avo-title.default\">\n\t\t\t\t<div class=\"elementor-widget-container\">\n\t\t\t\t\t \r\n<div class=\"avo-title style-1 \">\r\n\r\n\t    <div class=\"animate sub-title\">\r\n        <h6> <\/h6>\r\n        <span><\/span>\r\n        <span><\/span>\r\n        <span><\/span>\r\n    <\/div>\r\n    \r\n        <p class=\" txt\" data-splitting><\/p>\r\n\t<\/div>\t\t\t\t<\/div>\n\t\t\t\t<\/div>\n\t\t\t\t<div class=\"elementor-element elementor-element-0cc767d elementor-widget elementor-widget-text-editor\" data-id=\"0cc767d\" data-element_type=\"widget\" data-e-type=\"widget\" data-widget_type=\"text-editor.default\">\n\t\t\t\t<div class=\"elementor-widget-container\">\n\t\t\t\t\t\t\t\t\t<p>Our Insurance Law practice offers specialized legal services addressing a wide range of issues related to insurance policies, claims, and disputes for both insurance companies and policyholders. We provide expert advice on regulatory compliance, policy drafting, coverage analysis, and claims management to ensure that our clients are fully protected under their insurance contracts. Whether dealing with complex litigation, negotiating settlements, or advising on regulatory matters, we work closely with clients to resolve disputes efficiently and ensure compliance with industry standards.<\/p>\t\t\t\t\t\t\t\t<\/div>\n\t\t\t\t<\/div>\n\t\t\t\t<div class=\"elementor-element elementor-element-aa7cb33 elementor-widget elementor-widget-text-editor\" data-id=\"aa7cb33\" data-element_type=\"widget\" data-e-type=\"widget\" data-widget_type=\"text-editor.default\">\n\t\t\t\t<div class=\"elementor-widget-container\">\n\t\t\t\t\t\t\t\t\t<p><strong>Our services in Insurance Law include:<\/strong><\/p><ul><li>Drafting and reviewing insurance policies<\/li><li>Regulatory compliance for insurance companies<\/li><li>Claims management and dispute resolution<\/li><li>Coverage analysis and interpretation<\/li><li>Investigating and defending against insurance fraud<\/li><li>Reinsurance agreements and disputes<\/li><li>Professional liability and indemnity insurance<\/li><li>Life, health, and property insurance claims<\/li><li>Insurance litigation and arbitration<\/li><li>Risk assessment and management<\/li><\/ul>\t\t\t\t\t\t\t\t<\/div>\n\t\t\t\t<\/div>\n\t\t\t\t<\/div>\n\t\t\t\t\t<\/div>\n\t\t\t\t<\/div>\n\t\t\t\t<section class=\"elementor-section elementor-top-section elementor-element elementor-element-e24613f elementor-section-full_width elementor-section-height-default elementor-section-height-default\" data-id=\"e24613f\" data-element_type=\"section\" data-e-type=\"section\" data-settings=\"{&quot;background_background&quot;:&quot;classic&quot;}\">\n\t\t\t\t\t\t\t<div class=\"elementor-background-overlay\"><\/div>\n\t\t\t\t\t\t\t<div class=\"elementor-container elementor-column-gap-no\">\n\t\t\t\t\t<div class=\"elementor-column elementor-col-50 elementor-top-column elementor-element elementor-element-0d65f1d\" data-id=\"0d65f1d\" data-element_type=\"column\" data-e-type=\"column\" data-settings=\"{&quot;background_background&quot;:&quot;classic&quot;}\">\n\t\t\t<div class=\"elementor-widget-wrap elementor-element-populated\">\n\t\t\t\t\t\t<div class=\"elementor-element elementor-element-787b932 elementor-widget elementor-widget-image\" data-id=\"787b932\" data-element_type=\"widget\" data-e-type=\"widget\" data-widget_type=\"image.default\">\n\t\t\t\t<div class=\"elementor-widget-container\">\n\t\t\t\t\t\t\t\t\t\t\t\t\t\t\t<img decoding=\"async\" width=\"300\" height=\"99\" src=\"https:\/\/tatliarslan.av.tr\/wp-content\/uploads\/2024\/06\/ta.png\" class=\"attachment-medium_large size-medium_large wp-image-11\" alt=\"\" \/>\t\t\t\t\t\t\t\t\t\t\t\t\t\t\t<\/div>\n\t\t\t\t<\/div>\n\t\t\t\t\t<\/div>\n\t\t<\/div>\n\t\t\t\t<div class=\"elementor-column elementor-col-50 elementor-top-column elementor-element elementor-element-01bfa2e\" data-id=\"01bfa2e\" data-element_type=\"column\" data-e-type=\"column\">\n\t\t\t<div class=\"elementor-widget-wrap elementor-element-populated\">\n\t\t\t\t\t\t<div class=\"elementor-element elementor-element-78d50c0 elementor-widget elementor-widget-heading\" data-id=\"78d50c0\" data-element_type=\"widget\" data-e-type=\"widget\" data-widget_type=\"heading.default\">\n\t\t\t\t<div class=\"elementor-widget-container\">\n\t\t\t\t\t<h2 class=\"elementor-heading-title elementor-size-default\"><strong>Email :<\/strong>  info@tatliarslan.av.tr<\/h2>\t\t\t\t<\/div>\n\t\t\t\t<\/div>\n\t\t\t\t<div class=\"elementor-element elementor-element-4b21586 elementor-widget elementor-widget-spacer\" data-id=\"4b21586\" data-element_type=\"widget\" data-e-type=\"widget\" data-widget_type=\"spacer.default\">\n\t\t\t\t<div class=\"elementor-widget-container\">\n\t\t\t\t\t\t\t<div class=\"elementor-spacer\">\n\t\t\t<div class=\"elementor-spacer-inner\"><\/div>\n\t\t<\/div>\n\t\t\t\t\t\t<\/div>\n\t\t\t\t<\/div>\n\t\t\t\t<div class=\"elementor-element elementor-element-38690e1 elementor-widget elementor-widget-heading\" data-id=\"38690e1\" data-element_type=\"widget\" data-e-type=\"widget\" data-widget_type=\"heading.default\">\n\t\t\t\t<div class=\"elementor-widget-container\">\n\t\t\t\t\t<h2 class=\"elementor-heading-title elementor-size-default\"><strong>Address :<\/strong>  Maslak Mah. Ahi Evran Cad. No:21,  Polaris Plaza, D:65, Sar\u0131yer \/ \u0130stanbul<\/h2>\t\t\t\t<\/div>\n\t\t\t\t<\/div>\n\t\t\t\t<div class=\"elementor-element elementor-element-9019f1c elementor-widget elementor-widget-spacer\" data-id=\"9019f1c\" data-element_type=\"widget\" data-e-type=\"widget\" data-widget_type=\"spacer.default\">\n\t\t\t\t<div class=\"elementor-widget-container\">\n\t\t\t\t\t\t\t<div class=\"elementor-spacer\">\n\t\t\t<div class=\"elementor-spacer-inner\"><\/div>\n\t\t<\/div>\n\t\t\t\t\t\t<\/div>\n\t\t\t\t<\/div>\n\t\t\t\t<div class=\"elementor-element elementor-element-289abb0 elementor-widget elementor-widget-heading\" data-id=\"289abb0\" data-element_type=\"widget\" data-e-type=\"widget\" data-widget_type=\"heading.default\">\n\t\t\t\t<div class=\"elementor-widget-container\">\n\t\t\t\t\t<h2 class=\"elementor-heading-title elementor-size-default\"><strong>Phone :<\/strong> (+90) 212 416 04 01<\/h2>\t\t\t\t<\/div>\n\t\t\t\t<\/div>\n\t\t\t\t\t<\/div>\n\t\t<\/div>\n\t\t\t\t\t<\/div>\n\t\t<\/section>\n\t\t\t\t<\/div>\n\t\t","protected":false},"excerpt":{"rendered":"<p>Anasayfa Hakk\u0131m\u0131zda \u00c7al\u0131\u015fma Alanlar\u0131m\u0131z Ekibimiz \u0130leti\u015fim Anasayfa Hakk\u0131m\u0131zda \u00c7al\u0131\u015fma Alanlar\u0131m\u0131z Ekibimiz \u0130leti\u015fim Insurance Law Our Insurance Law practice offers specialized legal services addressing a wide range of issues related to insurance policies, claims, and disputes for both insurance companies and policyholders. We provide expert advice on regulatory compliance, policy drafting, coverage analysis, and claims management to ensure that our clients &hellip;<\/p>\n","protected":false},"author":1,"featured_media":0,"parent":1952,"menu_order":0,"comment_status":"closed","ping_status":"closed","template":"","meta":{"inline_featured_image":false,"footnotes":""},"class_list":["post-1993","page","type-page","status-publish","hentry"],"_links":{"self":[{"href":"https:\/\/tatliarslan.av.tr\/en\/wp-json\/wp\/v2\/pages\/1993","targetHints":{"allow":["GET"]}}],"collection":[{"href":"https:\/\/tatliarslan.av.tr\/en\/wp-json\/wp\/v2\/pages"}],"about":[{"href":"https:\/\/tatliarslan.av.tr\/en\/wp-json\/wp\/v2\/types\/page"}],"author":[{"embeddable":true,"href":"https:\/\/tatliarslan.av.tr\/en\/wp-json\/wp\/v2\/users\/1"}],"replies":[{"embeddable":true,"href":"https:\/\/tatliarslan.av.tr\/en\/wp-json\/wp\/v2\/comments?post=1993"}],"version-history":[{"count":6,"href":"https:\/\/tatliarslan.av.tr\/en\/wp-json\/wp\/v2\/pages\/1993\/revisions"}],"predecessor-version":[{"id":2115,"href":"https:\/\/tatliarslan.av.tr\/en\/wp-json\/wp\/v2\/pages\/1993\/revisions\/2115"}],"up":[{"embeddable":true,"href":"https:\/\/tatliarslan.av.tr\/en\/wp-json\/wp\/v2\/pages\/1952"}],"wp:attachment":[{"href":"https:\/\/tatliarslan.av.tr\/en\/wp-json\/wp\/v2\/media?parent=1993"}],"curies":[{"name":"wp","href":"https:\/\/api.w.org\/{rel}","templated":true}]}}