{"id":1979,"date":"2024-09-23T18:36:25","date_gmt":"2024-09-23T18:36:25","guid":{"rendered":"https:\/\/tatliarslan.av.tr\/our-working-areas\/foreigners-law\/"},"modified":"2024-10-13T12:31:35","modified_gmt":"2024-10-13T12:31:35","slug":"foreigners-law","status":"publish","type":"page","link":"https:\/\/tatliarslan.av.tr\/en\/working-areas\/foreigners-law\/","title":{"rendered":"Foreigners Law"},"content":{"rendered":"\t\t<div data-elementor-type=\"wp-page\" data-elementor-id=\"1979\" class=\"elementor elementor-1979\" data-elementor-post-type=\"page\">\n\t\t\t\t<div class=\"elementor-element elementor-element-382e21d vv e-flex e-con-boxed e-con e-parent\" data-id=\"382e21d\" data-element_type=\"container\" data-e-type=\"container\" data-settings=\"{&quot;background_background&quot;:&quot;classic&quot;,&quot;sticky&quot;:&quot;top&quot;,&quot;sticky_on&quot;:[&quot;desktop&quot;,&quot;tablet&quot;,&quot;mobile&quot;],&quot;sticky_offset&quot;:0,&quot;sticky_effects_offset&quot;:0}\">\n\t\t\t\t\t<div class=\"e-con-inner\">\n\t\t<div class=\"elementor-element elementor-element-990f833 e-con-full e-flex e-con e-child\" data-id=\"990f833\" data-element_type=\"container\" data-e-type=\"container\">\n\t\t\t\t<div class=\"elementor-element elementor-element-a51d7a0 elementor-widget elementor-widget-avo-logo\" data-id=\"a51d7a0\" data-element_type=\"widget\" data-e-type=\"widget\" data-widget_type=\"avo-logo.default\">\n\t\t\t\t<div class=\"elementor-widget-container\">\n\t\t\t\t\t \r\n\t\t \r\n         <div class=\"custom-logo\">\r\n\t\t\t<a href=\"https:\/\/tatliarslan.av.tr\/en\/\">\r\n\t\t\t\t\t<img decoding=\"async\" alt=\"Logo\" class=\"custom-logo-light\"  style=height:65px src=\"http:\/\/tatliarslan.av.tr\/wp-content\/uploads\/2024\/10\/ta_logo_white-01.svg\"> \r\n\r\n\t\t\t\t\t<img decoding=\"async\" alt=\"Logo\" class=\"custom-logo-dark\"  style=height:65px src=\"http:\/\/tatliarslan.av.tr\/wp-content\/uploads\/2024\/10\/ta_logo-01.svg\">\r\n\t\t\t<\/a>\r\n         <\/div>\r\n\t\t\r\n\t\t\t\t\t<\/div>\n\t\t\t\t<\/div>\n\t\t\t\t<\/div>\n\t\t<div class=\"elementor-element elementor-element-c8a1d5e e-con-full e-flex e-con e-child\" data-id=\"c8a1d5e\" data-element_type=\"container\" data-e-type=\"container\">\n\t\t\t\t<div class=\"elementor-element elementor-element-4cb41a4 elementor-widget elementor-widget-avo-menu\" data-id=\"4cb41a4\" data-element_type=\"widget\" data-e-type=\"widget\" data-widget_type=\"avo-menu.default\">\n\t\t\t\t<div class=\"elementor-widget-container\">\n\t\t\t\t\t\t\t\t\t\t\t\t\r\n                            <div class=\"avo-nav style-2 custom-sticky no-bg\">\r\n                                <div class=\"main-menu menu-wrapper hidden-xs hidden-sm  \">\r\n                                    <div class=\"menu-menu-1-container\"><ul id=\"menu-menu-1\" class=\"home-nav navigation menu\"><li id=\"menu-item-1334\" class=\"menu-item menu-item-type-post_type menu-item-object-page menu-item-home menu-item-1334\"><a href=\"https:\/\/tatliarslan.av.tr\/anasayfa\/\">Home<\/a><\/li>\n<li id=\"menu-item-1352\" class=\"menu-item menu-item-type-post_type menu-item-object-page menu-item-1352\"><a href=\"https:\/\/tatliarslan.av.tr\/hakkimizda\/\">About<\/a><\/li>\n<li id=\"menu-item-1335\" class=\"menu-item menu-item-type-post_type menu-item-object-page menu-item-1335\"><a href=\"https:\/\/tatliarslan.av.tr\/calisma-alanlarimiz\/\">Working Areas<\/a><\/li>\n<li id=\"menu-item-1351\" class=\"menu-item menu-item-type-post_type menu-item-object-page menu-item-1351\"><a href=\"https:\/\/tatliarslan.av.tr\/ekibimiz\/\">Team<\/a><\/li>\n<li id=\"menu-item-1353\" class=\"menu-item menu-item-type-post_type menu-item-object-page menu-item-1353\"><a href=\"https:\/\/tatliarslan.av.tr\/iletisim\/\">Contact<\/a><\/li>\n<li id=\"menu-item-wpml-ls-12-en\" class=\"menu-item wpml-ls-slot-12 wpml-ls-item wpml-ls-item-en wpml-ls-current-language wpml-ls-menu-item wpml-ls-first-item menu-item-type-wpml_ls_menu_item menu-item-object-wpml_ls_menu_item menu-item-has-children menu-item-wpml-ls-12-en\"><a href=\"http:\/\/tatliarslan.av.tr\/en\/\" title=\"English\"><img decoding=\"async\"\n            class=\"wpml-ls-flag\"\n            src=\"https:\/\/tatliarslan.av.tr\/wp-content\/plugins\/sitepress-multilingual-cms\/res\/flags\/en.svg\"\n            alt=\"\"\n            \n            \n    \/><span class=\"wpml-ls-native\" lang=\"en\">English<\/span><\/a>\n<ul class=\"sub-menu\">\n\t<li id=\"menu-item-wpml-ls-12-tr\" class=\"menu-item wpml-ls-slot-12 wpml-ls-item wpml-ls-item-tr wpml-ls-menu-item wpml-ls-last-item menu-item-type-wpml_ls_menu_item menu-item-object-wpml_ls_menu_item menu-item-wpml-ls-12-tr\"><a href=\"http:\/\/tatliarslan.av.tr\/\" title=\"Turkish\"><img decoding=\"async\"\n            class=\"wpml-ls-flag\"\n            src=\"https:\/\/tatliarslan.av.tr\/wp-content\/plugins\/sitepress-multilingual-cms\/res\/flags\/tr.svg\"\n            alt=\"\"\n            \n            \n    \/><span class=\"wpml-ls-native\" lang=\"tr\">T\u00fcrk\u00e7e<\/span><span class=\"wpml-ls-display\"><span class=\"wpml-ls-bracket\"> (<\/span>Turkish<span class=\"wpml-ls-bracket\">)<\/span><\/span><\/a><\/li>\n<\/ul>\n<\/li>\n<\/ul><\/div>                                <\/div><!--\/.menu-box-->\r\n                                <div class=\"mobile-wrapper hidden-lg hidden-md\">\r\n                                \t<a href=\"#\" class=\"hamburger\"><div class=\"hamburger__icon\"><\/div><\/a>\r\n                                    <div class=\"fat-nav\">\r\n                                        <div class=\"fat-nav__wrapper\">\r\n                                            \t\t\t\t\t\t\t\t\t\t\t\r\n\t\t\t\t\t\t\t\t\t\t\t<div class=\"fat-list\"> <ul id=\"menu-menu-2\" class=\"mob-nav  menu\"><li class=\"menu-item menu-item-type-post_type menu-item-object-page menu-item-home menu-item-1334\"><a href=\"https:\/\/tatliarslan.av.tr\/anasayfa\/\">Home<\/a><\/li>\n<li class=\"menu-item menu-item-type-post_type menu-item-object-page menu-item-1352\"><a href=\"https:\/\/tatliarslan.av.tr\/hakkimizda\/\">About<\/a><\/li>\n<li class=\"menu-item menu-item-type-post_type menu-item-object-page menu-item-1335\"><a href=\"https:\/\/tatliarslan.av.tr\/calisma-alanlarimiz\/\">Working Areas<\/a><\/li>\n<li class=\"menu-item menu-item-type-post_type menu-item-object-page menu-item-1351\"><a href=\"https:\/\/tatliarslan.av.tr\/ekibimiz\/\">Team<\/a><\/li>\n<li class=\"menu-item menu-item-type-post_type menu-item-object-page menu-item-1353\"><a href=\"https:\/\/tatliarslan.av.tr\/iletisim\/\">Contact<\/a><\/li>\n<li class=\"menu-item wpml-ls-slot-12 wpml-ls-item wpml-ls-item-en wpml-ls-current-language wpml-ls-menu-item wpml-ls-first-item menu-item-type-wpml_ls_menu_item menu-item-object-wpml_ls_menu_item menu-item-has-children menu-item-wpml-ls-12-en\"><a href=\"http:\/\/tatliarslan.av.tr\/en\/\" title=\"English\"><img decoding=\"async\"\n            class=\"wpml-ls-flag\"\n            src=\"https:\/\/tatliarslan.av.tr\/wp-content\/plugins\/sitepress-multilingual-cms\/res\/flags\/en.svg\"\n            alt=\"\"\n            \n            \n    \/><span class=\"wpml-ls-native\" lang=\"en\">English<\/span><\/a>\n<ul class=\"sub-menu\">\n\t<li class=\"menu-item wpml-ls-slot-12 wpml-ls-item wpml-ls-item-tr wpml-ls-menu-item wpml-ls-last-item menu-item-type-wpml_ls_menu_item menu-item-object-wpml_ls_menu_item menu-item-wpml-ls-12-tr\"><a href=\"http:\/\/tatliarslan.av.tr\/\" title=\"Turkish\"><img decoding=\"async\"\n            class=\"wpml-ls-flag\"\n            src=\"https:\/\/tatliarslan.av.tr\/wp-content\/plugins\/sitepress-multilingual-cms\/res\/flags\/tr.svg\"\n            alt=\"\"\n            \n            \n    \/><span class=\"wpml-ls-native\" lang=\"tr\">T\u00fcrk\u00e7e<\/span><span class=\"wpml-ls-display\"><span class=\"wpml-ls-bracket\"> (<\/span>Turkish<span class=\"wpml-ls-bracket\">)<\/span><\/span><\/a><\/li>\n<\/ul>\n<\/li>\n<\/ul><\/div>\r\n                                        <\/div>\r\n                                    <\/div>\r\n                                <\/div><!--\/.box-mobile-->\r\n                            <\/div>\t\t\t\t<\/div>\n\t\t\t\t<\/div>\n\t\t\t\t<\/div>\n\t\t\t\t\t<\/div>\n\t\t\t\t<\/div>\n\t\t<div class=\"elementor-element elementor-element-0bf0626 e-flex e-con-boxed e-con e-parent\" data-id=\"0bf0626\" data-element_type=\"container\" data-e-type=\"container\" data-settings=\"{&quot;background_background&quot;:&quot;classic&quot;}\">\n\t\t\t\t\t<div class=\"e-con-inner\">\n\t\t<div class=\"elementor-element elementor-element-dc379d4 e-con-full e-flex e-con e-child\" data-id=\"dc379d4\" data-element_type=\"container\" data-e-type=\"container\">\n\t\t\t\t<div class=\"elementor-element elementor-element-9c2ffe9 elementor-invisible elementor-widget elementor-widget-avo-title\" data-id=\"9c2ffe9\" data-element_type=\"widget\" data-e-type=\"widget\" data-settings=\"{&quot;_animation&quot;:&quot;fadeInUp&quot;}\" data-widget_type=\"avo-title.default\">\n\t\t\t\t<div class=\"elementor-widget-container\">\n\t\t\t\t\t \r\n<div class=\"avo-title style-1 \">\r\n\r\n\t    <div class=\"animate sub-title\">\r\n        <h6> <\/h6>\r\n        <span><\/span>\r\n        <span><\/span>\r\n        <span><\/span>\r\n    <\/div>\r\n    \r\n        <h3 class=\"main-title \" data-splitting>Foreigners Law<\/h3>\r\n        <p class=\" txt\" data-splitting><\/p>\r\n\t<\/div>\t\t\t\t<\/div>\n\t\t\t\t<\/div>\n\t\t\t\t<\/div>\n\t\t\t\t\t<\/div>\n\t\t\t\t<\/div>\n\t\t<div class=\"elementor-element elementor-element-bf5a4f6 e-flex e-con-boxed e-con e-parent\" data-id=\"bf5a4f6\" data-element_type=\"container\" data-e-type=\"container\">\n\t\t\t\t\t<div class=\"e-con-inner\">\n\t\t<div class=\"elementor-element elementor-element-c51f1fd e-con-full e-flex e-con e-child\" data-id=\"c51f1fd\" data-element_type=\"container\" data-e-type=\"container\">\n\t\t\t\t<div class=\"elementor-element elementor-element-1a7756c elementor-widget elementor-widget-image\" data-id=\"1a7756c\" data-element_type=\"widget\" data-e-type=\"widget\" data-widget_type=\"image.default\">\n\t\t\t\t<div class=\"elementor-widget-container\">\n\t\t\t\t\t\t\t\t\t\t\t\t\t\t\t<img fetchpriority=\"high\" decoding=\"async\" width=\"400\" height=\"600\" src=\"https:\/\/tatliarslan.av.tr\/wp-content\/uploads\/2024\/09\/0002_010.png\" class=\"attachment-large size-large wp-image-1501\" alt=\"\" \/>\t\t\t\t\t\t\t\t\t\t\t\t\t\t\t<\/div>\n\t\t\t\t<\/div>\n\t\t\t\t<\/div>\n\t\t<div class=\"elementor-element elementor-element-d4fee21 e-con-full e-flex e-con e-child\" data-id=\"d4fee21\" data-element_type=\"container\" data-e-type=\"container\">\n\t\t\t\t<div class=\"elementor-element elementor-element-0198999 elementor-invisible elementor-widget elementor-widget-avo-title\" data-id=\"0198999\" data-element_type=\"widget\" data-e-type=\"widget\" data-settings=\"{&quot;_animation&quot;:&quot;fadeInUp&quot;}\" data-widget_type=\"avo-title.default\">\n\t\t\t\t<div class=\"elementor-widget-container\">\n\t\t\t\t\t \r\n<div class=\"avo-title style-1 \">\r\n\r\n\t    <div class=\"animate sub-title\">\r\n        <h6> <\/h6>\r\n        <span><\/span>\r\n        <span><\/span>\r\n        <span><\/span>\r\n    <\/div>\r\n    \r\n        <p class=\" txt\" data-splitting><\/p>\r\n\t<\/div>\t\t\t\t<\/div>\n\t\t\t\t<\/div>\n\t\t\t\t<div class=\"elementor-element elementor-element-dffa021 elementor-widget elementor-widget-text-editor\" data-id=\"dffa021\" data-element_type=\"widget\" data-e-type=\"widget\" data-widget_type=\"text-editor.default\">\n\t\t\t\t<div class=\"elementor-widget-container\">\n\t\t\t\t\t\t\t\t\t<p>Our Foreigners Law team specializes in providing comprehensive legal services for foreigners living in or planning to relocate to Turkey. Understanding the complexities of Turkish immigration laws and regulations concerning foreign nationals&#8217; rights, our legal team is dedicated to ensuring the best outcomes for our clients in all legal processes. We assist foreign clients with legal matters such as visa applications, residency and work permits, and citizenship applications. Additionally, we offer defense in deportation cases and pursue legal actions to protect our clients&#8217; rights in Turkey.<\/p>\t\t\t\t\t\t\t\t<\/div>\n\t\t\t\t<\/div>\n\t\t\t\t<div class=\"elementor-element elementor-element-81c28eb elementor-widget elementor-widget-text-editor\" data-id=\"81c28eb\" data-element_type=\"widget\" data-e-type=\"widget\" data-widget_type=\"text-editor.default\">\n\t\t\t\t<div class=\"elementor-widget-container\">\n\t\t\t\t\t\t\t\t\t<p><strong>Our Foreigners Law services include:<\/strong><\/p><ul><li>Acquisition of Turkish citizenship through investment, marriage, or residence<\/li><li>Visa and residency permit cases<\/li><li>Legal processes for work permit applications in Turkey<\/li><li>Legal consultancy and case handling for acquiring Turkish citizenship via marriage or investment<\/li><li>Defense in deportation and expulsion cases<\/li><li>Family reunification cases and protection of family rights<\/li><li>Resolution of disputes regarding foreigners&#8217; property acquisition rights in Turkey<\/li><li>Protection of rights under dual citizenship and international law<\/li><li>Management of appeals and litigation related to immigration<\/li><\/ul>\t\t\t\t\t\t\t\t<\/div>\n\t\t\t\t<\/div>\n\t\t\t\t<\/div>\n\t\t\t\t\t<\/div>\n\t\t\t\t<\/div>\n\t\t\t\t<section class=\"elementor-section elementor-top-section elementor-element elementor-element-4a493e4 elementor-section-full_width elementor-section-height-default elementor-section-height-default\" data-id=\"4a493e4\" data-element_type=\"section\" data-e-type=\"section\" data-settings=\"{&quot;background_background&quot;:&quot;classic&quot;}\">\n\t\t\t\t\t\t\t<div class=\"elementor-background-overlay\"><\/div>\n\t\t\t\t\t\t\t<div class=\"elementor-container elementor-column-gap-no\">\n\t\t\t\t\t<div class=\"elementor-column elementor-col-50 elementor-top-column elementor-element elementor-element-c4e7f05\" data-id=\"c4e7f05\" data-element_type=\"column\" data-e-type=\"column\" data-settings=\"{&quot;background_background&quot;:&quot;classic&quot;}\">\n\t\t\t<div class=\"elementor-widget-wrap elementor-element-populated\">\n\t\t\t\t\t\t<div class=\"elementor-element elementor-element-0c08d70 elementor-widget elementor-widget-image\" data-id=\"0c08d70\" data-element_type=\"widget\" data-e-type=\"widget\" data-widget_type=\"image.default\">\n\t\t\t\t<div class=\"elementor-widget-container\">\n\t\t\t\t\t\t\t\t\t\t\t\t\t\t\t<img decoding=\"async\" width=\"300\" height=\"99\" src=\"https:\/\/tatliarslan.av.tr\/wp-content\/uploads\/2024\/06\/ta.png\" class=\"attachment-medium_large size-medium_large wp-image-11\" alt=\"\" \/>\t\t\t\t\t\t\t\t\t\t\t\t\t\t\t<\/div>\n\t\t\t\t<\/div>\n\t\t\t\t\t<\/div>\n\t\t<\/div>\n\t\t\t\t<div class=\"elementor-column elementor-col-50 elementor-top-column elementor-element elementor-element-ff67d66\" data-id=\"ff67d66\" data-element_type=\"column\" data-e-type=\"column\">\n\t\t\t<div class=\"elementor-widget-wrap elementor-element-populated\">\n\t\t\t\t\t\t<div class=\"elementor-element elementor-element-3d29319 elementor-widget elementor-widget-heading\" data-id=\"3d29319\" data-element_type=\"widget\" data-e-type=\"widget\" data-widget_type=\"heading.default\">\n\t\t\t\t<div class=\"elementor-widget-container\">\n\t\t\t\t\t<h2 class=\"elementor-heading-title elementor-size-default\"><strong>Email :<\/strong>  info@tatliarslan.av.tr<\/h2>\t\t\t\t<\/div>\n\t\t\t\t<\/div>\n\t\t\t\t<div class=\"elementor-element elementor-element-dbdcca3 elementor-widget elementor-widget-spacer\" data-id=\"dbdcca3\" data-element_type=\"widget\" data-e-type=\"widget\" data-widget_type=\"spacer.default\">\n\t\t\t\t<div class=\"elementor-widget-container\">\n\t\t\t\t\t\t\t<div class=\"elementor-spacer\">\n\t\t\t<div class=\"elementor-spacer-inner\"><\/div>\n\t\t<\/div>\n\t\t\t\t\t\t<\/div>\n\t\t\t\t<\/div>\n\t\t\t\t<div class=\"elementor-element elementor-element-8c612cd elementor-widget elementor-widget-heading\" data-id=\"8c612cd\" data-element_type=\"widget\" data-e-type=\"widget\" data-widget_type=\"heading.default\">\n\t\t\t\t<div class=\"elementor-widget-container\">\n\t\t\t\t\t<h2 class=\"elementor-heading-title elementor-size-default\"><strong>Address :<\/strong>  Maslak Mah. Ahi Evran Cad. No:21,  Polaris Plaza, D:65, Sar\u0131yer \/ \u0130stanbul<\/h2>\t\t\t\t<\/div>\n\t\t\t\t<\/div>\n\t\t\t\t<div class=\"elementor-element elementor-element-067506a elementor-widget elementor-widget-spacer\" data-id=\"067506a\" data-element_type=\"widget\" data-e-type=\"widget\" data-widget_type=\"spacer.default\">\n\t\t\t\t<div class=\"elementor-widget-container\">\n\t\t\t\t\t\t\t<div class=\"elementor-spacer\">\n\t\t\t<div class=\"elementor-spacer-inner\"><\/div>\n\t\t<\/div>\n\t\t\t\t\t\t<\/div>\n\t\t\t\t<\/div>\n\t\t\t\t<div class=\"elementor-element elementor-element-3b883f6 elementor-widget elementor-widget-heading\" data-id=\"3b883f6\" data-element_type=\"widget\" data-e-type=\"widget\" data-widget_type=\"heading.default\">\n\t\t\t\t<div class=\"elementor-widget-container\">\n\t\t\t\t\t<h2 class=\"elementor-heading-title elementor-size-default\"><strong>Phone :<\/strong> (+90) 212 416 04 01<\/h2>\t\t\t\t<\/div>\n\t\t\t\t<\/div>\n\t\t\t\t\t<\/div>\n\t\t<\/div>\n\t\t\t\t\t<\/div>\n\t\t<\/section>\n\t\t\t\t<\/div>\n\t\t","protected":false},"excerpt":{"rendered":"<p>Anasayfa Hakk\u0131m\u0131zda \u00c7al\u0131\u015fma Alanlar\u0131m\u0131z Ekibimiz \u0130leti\u015fim Anasayfa Hakk\u0131m\u0131zda \u00c7al\u0131\u015fma Alanlar\u0131m\u0131z Ekibimiz \u0130leti\u015fim Foreigners Law Our Foreigners Law team specializes in providing comprehensive legal services for foreigners living in or planning to relocate to Turkey. Understanding the complexities of Turkish immigration laws and regulations concerning foreign nationals&#8217; rights, our legal team is dedicated to ensuring the best outcomes for our clients &hellip;<\/p>\n","protected":false},"author":1,"featured_media":0,"parent":1952,"menu_order":0,"comment_status":"closed","ping_status":"closed","template":"","meta":{"inline_featured_image":false,"footnotes":""},"class_list":["post-1979","page","type-page","status-publish","hentry"],"_links":{"self":[{"href":"https:\/\/tatliarslan.av.tr\/en\/wp-json\/wp\/v2\/pages\/1979","targetHints":{"allow":["GET"]}}],"collection":[{"href":"https:\/\/tatliarslan.av.tr\/en\/wp-json\/wp\/v2\/pages"}],"about":[{"href":"https:\/\/tatliarslan.av.tr\/en\/wp-json\/wp\/v2\/types\/page"}],"author":[{"embeddable":true,"href":"https:\/\/tatliarslan.av.tr\/en\/wp-json\/wp\/v2\/users\/1"}],"replies":[{"embeddable":true,"href":"https:\/\/tatliarslan.av.tr\/en\/wp-json\/wp\/v2\/comments?post=1979"}],"version-history":[{"count":6,"href":"https:\/\/tatliarslan.av.tr\/en\/wp-json\/wp\/v2\/pages\/1979\/revisions"}],"predecessor-version":[{"id":2127,"href":"https:\/\/tatliarslan.av.tr\/en\/wp-json\/wp\/v2\/pages\/1979\/revisions\/2127"}],"up":[{"embeddable":true,"href":"https:\/\/tatliarslan.av.tr\/en\/wp-json\/wp\/v2\/pages\/1952"}],"wp:attachment":[{"href":"https:\/\/tatliarslan.av.tr\/en\/wp-json\/wp\/v2\/media?parent=1979"}],"curies":[{"name":"wp","href":"https:\/\/api.w.org\/{rel}","templated":true}]}}