{"id":1973,"date":"2024-09-23T18:38:21","date_gmt":"2024-09-23T18:38:21","guid":{"rendered":"https:\/\/tatliarslan.av.tr\/our-working-areas\/international-trade\/"},"modified":"2024-10-13T12:27:36","modified_gmt":"2024-10-13T12:27:36","slug":"international-trade-law","status":"publish","type":"page","link":"https:\/\/tatliarslan.av.tr\/en\/working-areas\/international-trade-law\/","title":{"rendered":"International Trade Law"},"content":{"rendered":"\t\t<div data-elementor-type=\"wp-page\" data-elementor-id=\"1973\" class=\"elementor elementor-1973\" data-elementor-post-type=\"page\">\n\t\t\t\t<div class=\"elementor-element elementor-element-3da43e5 vv e-flex e-con-boxed e-con e-parent\" data-id=\"3da43e5\" data-element_type=\"container\" data-e-type=\"container\" data-settings=\"{&quot;background_background&quot;:&quot;classic&quot;,&quot;sticky&quot;:&quot;top&quot;,&quot;sticky_on&quot;:[&quot;desktop&quot;,&quot;tablet&quot;,&quot;mobile&quot;],&quot;sticky_offset&quot;:0,&quot;sticky_effects_offset&quot;:0}\">\n\t\t\t\t\t<div class=\"e-con-inner\">\n\t\t<div class=\"elementor-element elementor-element-87f7a69 e-con-full e-flex e-con e-child\" data-id=\"87f7a69\" data-element_type=\"container\" data-e-type=\"container\">\n\t\t\t\t<div class=\"elementor-element elementor-element-1efd434 elementor-widget elementor-widget-avo-logo\" data-id=\"1efd434\" data-element_type=\"widget\" data-e-type=\"widget\" data-widget_type=\"avo-logo.default\">\n\t\t\t\t<div class=\"elementor-widget-container\">\n\t\t\t\t\t \r\n\t\t \r\n         <div class=\"custom-logo\">\r\n\t\t\t<a href=\"https:\/\/tatliarslan.av.tr\/en\/\">\r\n\t\t\t\t\t<img decoding=\"async\" alt=\"Logo\" class=\"custom-logo-light\"  style=height:65px src=\"http:\/\/tatliarslan.av.tr\/wp-content\/uploads\/2024\/10\/ta_logo_white-01.svg\"> \r\n\r\n\t\t\t\t\t<img decoding=\"async\" alt=\"Logo\" class=\"custom-logo-dark\"  style=height:65px src=\"http:\/\/tatliarslan.av.tr\/wp-content\/uploads\/2024\/10\/ta_logo-01.svg\">\r\n\t\t\t<\/a>\r\n         <\/div>\r\n\t\t\r\n\t\t\t\t\t<\/div>\n\t\t\t\t<\/div>\n\t\t\t\t<\/div>\n\t\t<div class=\"elementor-element elementor-element-5a12fb8 e-con-full e-flex e-con e-child\" data-id=\"5a12fb8\" data-element_type=\"container\" data-e-type=\"container\">\n\t\t\t\t<div class=\"elementor-element elementor-element-4536fa0 elementor-widget elementor-widget-avo-menu\" data-id=\"4536fa0\" data-element_type=\"widget\" data-e-type=\"widget\" data-widget_type=\"avo-menu.default\">\n\t\t\t\t<div class=\"elementor-widget-container\">\n\t\t\t\t\t\t\t\t\t\t\t\t\r\n                            <div class=\"avo-nav style-2 custom-sticky no-bg\">\r\n                                <div class=\"main-menu menu-wrapper hidden-xs hidden-sm  \">\r\n                                    <div class=\"menu-menu-1-container\"><ul id=\"menu-menu-1\" class=\"home-nav navigation menu\"><li id=\"menu-item-1334\" class=\"menu-item menu-item-type-post_type menu-item-object-page menu-item-home menu-item-1334\"><a href=\"https:\/\/tatliarslan.av.tr\/anasayfa\/\">Home<\/a><\/li>\n<li id=\"menu-item-1352\" class=\"menu-item menu-item-type-post_type menu-item-object-page menu-item-1352\"><a href=\"https:\/\/tatliarslan.av.tr\/hakkimizda\/\">About<\/a><\/li>\n<li id=\"menu-item-1335\" class=\"menu-item menu-item-type-post_type menu-item-object-page menu-item-1335\"><a href=\"https:\/\/tatliarslan.av.tr\/calisma-alanlarimiz\/\">Working Areas<\/a><\/li>\n<li id=\"menu-item-1351\" class=\"menu-item menu-item-type-post_type menu-item-object-page menu-item-1351\"><a href=\"https:\/\/tatliarslan.av.tr\/ekibimiz\/\">Team<\/a><\/li>\n<li id=\"menu-item-1353\" class=\"menu-item menu-item-type-post_type menu-item-object-page menu-item-1353\"><a href=\"https:\/\/tatliarslan.av.tr\/iletisim\/\">Contact<\/a><\/li>\n<li id=\"menu-item-wpml-ls-12-en\" class=\"menu-item wpml-ls-slot-12 wpml-ls-item wpml-ls-item-en wpml-ls-current-language wpml-ls-menu-item wpml-ls-first-item menu-item-type-wpml_ls_menu_item menu-item-object-wpml_ls_menu_item menu-item-has-children menu-item-wpml-ls-12-en\"><a href=\"http:\/\/tatliarslan.av.tr\/en\/\" title=\"English\"><img decoding=\"async\"\n            class=\"wpml-ls-flag\"\n            src=\"https:\/\/tatliarslan.av.tr\/wp-content\/plugins\/sitepress-multilingual-cms\/res\/flags\/en.svg\"\n            alt=\"\"\n            \n            \n    \/><span class=\"wpml-ls-native\" lang=\"en\">English<\/span><\/a>\n<ul class=\"sub-menu\">\n\t<li id=\"menu-item-wpml-ls-12-tr\" class=\"menu-item wpml-ls-slot-12 wpml-ls-item wpml-ls-item-tr wpml-ls-menu-item wpml-ls-last-item menu-item-type-wpml_ls_menu_item menu-item-object-wpml_ls_menu_item menu-item-wpml-ls-12-tr\"><a href=\"http:\/\/tatliarslan.av.tr\/\" title=\"Turkish\"><img decoding=\"async\"\n            class=\"wpml-ls-flag\"\n            src=\"https:\/\/tatliarslan.av.tr\/wp-content\/plugins\/sitepress-multilingual-cms\/res\/flags\/tr.svg\"\n            alt=\"\"\n            \n            \n    \/><span class=\"wpml-ls-native\" lang=\"tr\">T\u00fcrk\u00e7e<\/span><span class=\"wpml-ls-display\"><span class=\"wpml-ls-bracket\"> (<\/span>Turkish<span class=\"wpml-ls-bracket\">)<\/span><\/span><\/a><\/li>\n<\/ul>\n<\/li>\n<\/ul><\/div>                                <\/div><!--\/.menu-box-->\r\n                                <div class=\"mobile-wrapper hidden-lg hidden-md\">\r\n                                \t<a href=\"#\" class=\"hamburger\"><div class=\"hamburger__icon\"><\/div><\/a>\r\n                                    <div class=\"fat-nav\">\r\n                                        <div class=\"fat-nav__wrapper\">\r\n                                            \t\t\t\t\t\t\t\t\t\t\t\r\n\t\t\t\t\t\t\t\t\t\t\t<div class=\"fat-list\"> <ul id=\"menu-menu-2\" class=\"mob-nav  menu\"><li class=\"menu-item menu-item-type-post_type menu-item-object-page menu-item-home menu-item-1334\"><a href=\"https:\/\/tatliarslan.av.tr\/anasayfa\/\">Home<\/a><\/li>\n<li class=\"menu-item menu-item-type-post_type menu-item-object-page menu-item-1352\"><a href=\"https:\/\/tatliarslan.av.tr\/hakkimizda\/\">About<\/a><\/li>\n<li class=\"menu-item menu-item-type-post_type menu-item-object-page menu-item-1335\"><a href=\"https:\/\/tatliarslan.av.tr\/calisma-alanlarimiz\/\">Working Areas<\/a><\/li>\n<li class=\"menu-item menu-item-type-post_type menu-item-object-page menu-item-1351\"><a href=\"https:\/\/tatliarslan.av.tr\/ekibimiz\/\">Team<\/a><\/li>\n<li class=\"menu-item menu-item-type-post_type menu-item-object-page menu-item-1353\"><a href=\"https:\/\/tatliarslan.av.tr\/iletisim\/\">Contact<\/a><\/li>\n<li class=\"menu-item wpml-ls-slot-12 wpml-ls-item wpml-ls-item-en wpml-ls-current-language wpml-ls-menu-item wpml-ls-first-item menu-item-type-wpml_ls_menu_item menu-item-object-wpml_ls_menu_item menu-item-has-children menu-item-wpml-ls-12-en\"><a href=\"http:\/\/tatliarslan.av.tr\/en\/\" title=\"English\"><img decoding=\"async\"\n            class=\"wpml-ls-flag\"\n            src=\"https:\/\/tatliarslan.av.tr\/wp-content\/plugins\/sitepress-multilingual-cms\/res\/flags\/en.svg\"\n            alt=\"\"\n            \n            \n    \/><span class=\"wpml-ls-native\" lang=\"en\">English<\/span><\/a>\n<ul class=\"sub-menu\">\n\t<li class=\"menu-item wpml-ls-slot-12 wpml-ls-item wpml-ls-item-tr wpml-ls-menu-item wpml-ls-last-item menu-item-type-wpml_ls_menu_item menu-item-object-wpml_ls_menu_item menu-item-wpml-ls-12-tr\"><a href=\"http:\/\/tatliarslan.av.tr\/\" title=\"Turkish\"><img decoding=\"async\"\n            class=\"wpml-ls-flag\"\n            src=\"https:\/\/tatliarslan.av.tr\/wp-content\/plugins\/sitepress-multilingual-cms\/res\/flags\/tr.svg\"\n            alt=\"\"\n            \n            \n    \/><span class=\"wpml-ls-native\" lang=\"tr\">T\u00fcrk\u00e7e<\/span><span class=\"wpml-ls-display\"><span class=\"wpml-ls-bracket\"> (<\/span>Turkish<span class=\"wpml-ls-bracket\">)<\/span><\/span><\/a><\/li>\n<\/ul>\n<\/li>\n<\/ul><\/div>\r\n                                        <\/div>\r\n                                    <\/div>\r\n                                <\/div><!--\/.box-mobile-->\r\n                            <\/div>\t\t\t\t<\/div>\n\t\t\t\t<\/div>\n\t\t\t\t<\/div>\n\t\t\t\t\t<\/div>\n\t\t\t\t<\/div>\n\t\t<div class=\"elementor-element elementor-element-3a4d6c4 e-flex e-con-boxed e-con e-parent\" data-id=\"3a4d6c4\" data-element_type=\"container\" data-e-type=\"container\" data-settings=\"{&quot;background_background&quot;:&quot;classic&quot;}\">\n\t\t\t\t\t<div class=\"e-con-inner\">\n\t\t<div class=\"elementor-element elementor-element-07c684c e-con-full e-flex e-con e-child\" data-id=\"07c684c\" data-element_type=\"container\" data-e-type=\"container\">\n\t\t\t\t<div class=\"elementor-element elementor-element-dfacf7c elementor-invisible elementor-widget elementor-widget-avo-title\" data-id=\"dfacf7c\" data-element_type=\"widget\" data-e-type=\"widget\" data-settings=\"{&quot;_animation&quot;:&quot;fadeInUp&quot;}\" data-widget_type=\"avo-title.default\">\n\t\t\t\t<div class=\"elementor-widget-container\">\n\t\t\t\t\t \r\n<div class=\"avo-title style-1 \">\r\n\r\n\t    <div class=\"animate sub-title\">\r\n        <h6> <\/h6>\r\n        <span><\/span>\r\n        <span><\/span>\r\n        <span><\/span>\r\n    <\/div>\r\n    \r\n        <h3 class=\"main-title \" data-splitting>International Trade Law<\/h3>\r\n        <p class=\" txt\" data-splitting><\/p>\r\n\t<\/div>\t\t\t\t<\/div>\n\t\t\t\t<\/div>\n\t\t\t\t<\/div>\n\t\t\t\t\t<\/div>\n\t\t\t\t<\/div>\n\t\t<div class=\"elementor-element elementor-element-37124c5 e-flex e-con-boxed e-con e-parent\" data-id=\"37124c5\" data-element_type=\"container\" data-e-type=\"container\">\n\t\t\t\t\t<div class=\"e-con-inner\">\n\t\t<div class=\"elementor-element elementor-element-4761dd6 e-con-full e-flex e-con e-child\" data-id=\"4761dd6\" data-element_type=\"container\" data-e-type=\"container\">\n\t\t\t\t<div class=\"elementor-element elementor-element-7d324a1 elementor-widget elementor-widget-image\" data-id=\"7d324a1\" data-element_type=\"widget\" data-e-type=\"widget\" data-widget_type=\"image.default\">\n\t\t\t\t<div class=\"elementor-widget-container\">\n\t\t\t\t\t\t\t\t\t\t\t\t\t\t\t<img fetchpriority=\"high\" decoding=\"async\" width=\"400\" height=\"600\" src=\"https:\/\/tatliarslan.av.tr\/wp-content\/uploads\/2024\/09\/0012_00.png\" class=\"attachment-large size-large wp-image-1543\" alt=\"\" \/>\t\t\t\t\t\t\t\t\t\t\t\t\t\t\t<\/div>\n\t\t\t\t<\/div>\n\t\t\t\t<\/div>\n\t\t<div class=\"elementor-element elementor-element-e37b61b e-con-full e-flex e-con e-child\" data-id=\"e37b61b\" data-element_type=\"container\" data-e-type=\"container\">\n\t\t\t\t<div class=\"elementor-element elementor-element-307cad5 elementor-invisible elementor-widget elementor-widget-avo-title\" data-id=\"307cad5\" data-element_type=\"widget\" data-e-type=\"widget\" data-settings=\"{&quot;_animation&quot;:&quot;fadeInUp&quot;}\" data-widget_type=\"avo-title.default\">\n\t\t\t\t<div class=\"elementor-widget-container\">\n\t\t\t\t\t \r\n<div class=\"avo-title style-1 \">\r\n\r\n\t    <div class=\"animate sub-title\">\r\n        <h6> <\/h6>\r\n        <span><\/span>\r\n        <span><\/span>\r\n        <span><\/span>\r\n    <\/div>\r\n    \r\n        <p class=\" txt\" data-splitting><\/p>\r\n\t<\/div>\t\t\t\t<\/div>\n\t\t\t\t<\/div>\n\t\t\t\t<div class=\"elementor-element elementor-element-85bc8aa elementor-widget elementor-widget-text-editor\" data-id=\"85bc8aa\" data-element_type=\"widget\" data-e-type=\"widget\" data-widget_type=\"text-editor.default\">\n\t\t\t\t<div class=\"elementor-widget-container\">\n\t\t\t\t\t\t\t\t\t<p>International Trade Law is a branch of law that regulates commercial relationships between countries and provides a legal framework for cross-border transactions of goods and services. This field addresses various aspects of international trade, including the preparation and enforcement of contracts, trade disputes, customs regulations, and the resolution of commercial conflicts. It plays a crucial role in solving legal issues faced by companies operating in international markets and minimizing risks.<\/p>\t\t\t\t\t\t\t\t<\/div>\n\t\t\t\t<\/div>\n\t\t\t\t<div class=\"elementor-element elementor-element-9c95865 elementor-widget elementor-widget-text-editor\" data-id=\"9c95865\" data-element_type=\"widget\" data-e-type=\"widget\" data-widget_type=\"text-editor.default\">\n\t\t\t\t<div class=\"elementor-widget-container\">\n\t\t\t\t\t\t\t\t\t<p><strong>Our services in International Trade Law include:<\/strong><\/p><ul><li>Preparation and enforcement of international sales contracts<\/li><li>Legal consultancy on customs regulations and trade compliance<\/li><li>Legal assistance and dispute resolution for import and export transactions<\/li><li>Resolution of international commercial disputes and arbitration processes<\/li><li>Collection of commercial debts and international debt litigation<\/li><li>International protection of intellectual property rights<\/li><li>Legal assurance for payment and delivery methods used in international trade<\/li><li>Trade barriers and anti-dumping measures<\/li><li>Financing international trade and letter of credit transactions<\/li><\/ul>\t\t\t\t\t\t\t\t<\/div>\n\t\t\t\t<\/div>\n\t\t\t\t<\/div>\n\t\t\t\t\t<\/div>\n\t\t\t\t<\/div>\n\t\t\t\t<section class=\"elementor-section elementor-top-section elementor-element elementor-element-c09d551 elementor-section-full_width elementor-section-height-default elementor-section-height-default\" data-id=\"c09d551\" data-element_type=\"section\" data-e-type=\"section\" data-settings=\"{&quot;background_background&quot;:&quot;classic&quot;}\">\n\t\t\t\t\t\t\t<div class=\"elementor-background-overlay\"><\/div>\n\t\t\t\t\t\t\t<div class=\"elementor-container elementor-column-gap-no\">\n\t\t\t\t\t<div class=\"elementor-column elementor-col-50 elementor-top-column elementor-element elementor-element-2ce5a2b\" data-id=\"2ce5a2b\" data-element_type=\"column\" data-e-type=\"column\" data-settings=\"{&quot;background_background&quot;:&quot;classic&quot;}\">\n\t\t\t<div class=\"elementor-widget-wrap elementor-element-populated\">\n\t\t\t\t\t\t<div class=\"elementor-element elementor-element-d6be007 elementor-widget elementor-widget-image\" data-id=\"d6be007\" data-element_type=\"widget\" data-e-type=\"widget\" data-widget_type=\"image.default\">\n\t\t\t\t<div class=\"elementor-widget-container\">\n\t\t\t\t\t\t\t\t\t\t\t\t\t\t\t<img decoding=\"async\" width=\"300\" height=\"99\" src=\"https:\/\/tatliarslan.av.tr\/wp-content\/uploads\/2024\/06\/ta.png\" class=\"attachment-medium_large size-medium_large wp-image-11\" alt=\"\" \/>\t\t\t\t\t\t\t\t\t\t\t\t\t\t\t<\/div>\n\t\t\t\t<\/div>\n\t\t\t\t\t<\/div>\n\t\t<\/div>\n\t\t\t\t<div class=\"elementor-column elementor-col-50 elementor-top-column elementor-element elementor-element-a1f580b\" data-id=\"a1f580b\" data-element_type=\"column\" data-e-type=\"column\">\n\t\t\t<div class=\"elementor-widget-wrap elementor-element-populated\">\n\t\t\t\t\t\t<div class=\"elementor-element elementor-element-70a2860 elementor-widget elementor-widget-heading\" data-id=\"70a2860\" data-element_type=\"widget\" data-e-type=\"widget\" data-widget_type=\"heading.default\">\n\t\t\t\t<div class=\"elementor-widget-container\">\n\t\t\t\t\t<h2 class=\"elementor-heading-title elementor-size-default\"><strong>Email :<\/strong>  info@tatliarslan.av.tr<\/h2>\t\t\t\t<\/div>\n\t\t\t\t<\/div>\n\t\t\t\t<div class=\"elementor-element elementor-element-41e71f2 elementor-widget elementor-widget-spacer\" data-id=\"41e71f2\" data-element_type=\"widget\" data-e-type=\"widget\" data-widget_type=\"spacer.default\">\n\t\t\t\t<div class=\"elementor-widget-container\">\n\t\t\t\t\t\t\t<div class=\"elementor-spacer\">\n\t\t\t<div class=\"elementor-spacer-inner\"><\/div>\n\t\t<\/div>\n\t\t\t\t\t\t<\/div>\n\t\t\t\t<\/div>\n\t\t\t\t<div class=\"elementor-element elementor-element-bb4d091 elementor-widget elementor-widget-heading\" data-id=\"bb4d091\" data-element_type=\"widget\" data-e-type=\"widget\" data-widget_type=\"heading.default\">\n\t\t\t\t<div class=\"elementor-widget-container\">\n\t\t\t\t\t<h2 class=\"elementor-heading-title elementor-size-default\"><strong>Address :<\/strong>  Maslak Mah. Ahi Evran Cad. No:21,  Polaris Plaza, D:65, Sar\u0131yer \/ \u0130stanbul<\/h2>\t\t\t\t<\/div>\n\t\t\t\t<\/div>\n\t\t\t\t<div class=\"elementor-element elementor-element-cd77a06 elementor-widget elementor-widget-spacer\" data-id=\"cd77a06\" data-element_type=\"widget\" data-e-type=\"widget\" data-widget_type=\"spacer.default\">\n\t\t\t\t<div class=\"elementor-widget-container\">\n\t\t\t\t\t\t\t<div class=\"elementor-spacer\">\n\t\t\t<div class=\"elementor-spacer-inner\"><\/div>\n\t\t<\/div>\n\t\t\t\t\t\t<\/div>\n\t\t\t\t<\/div>\n\t\t\t\t<div class=\"elementor-element elementor-element-394db09 elementor-widget elementor-widget-heading\" data-id=\"394db09\" data-element_type=\"widget\" data-e-type=\"widget\" data-widget_type=\"heading.default\">\n\t\t\t\t<div class=\"elementor-widget-container\">\n\t\t\t\t\t<h2 class=\"elementor-heading-title elementor-size-default\"><strong>Phone :<\/strong> (+90) 212 416 04 01<\/h2>\t\t\t\t<\/div>\n\t\t\t\t<\/div>\n\t\t\t\t\t<\/div>\n\t\t<\/div>\n\t\t\t\t\t<\/div>\n\t\t<\/section>\n\t\t\t\t<\/div>\n\t\t","protected":false},"excerpt":{"rendered":"<p>Anasayfa Hakk\u0131m\u0131zda \u00c7al\u0131\u015fma Alanlar\u0131m\u0131z Ekibimiz \u0130leti\u015fim Anasayfa Hakk\u0131m\u0131zda \u00c7al\u0131\u015fma Alanlar\u0131m\u0131z Ekibimiz \u0130leti\u015fim International Trade Law International Trade Law is a branch of law that regulates commercial relationships between countries and provides a legal framework for cross-border transactions of goods and services. This field addresses various aspects of international trade, including the preparation and enforcement of contracts, trade disputes, customs regulations, &hellip;<\/p>\n","protected":false},"author":1,"featured_media":0,"parent":1952,"menu_order":0,"comment_status":"closed","ping_status":"closed","template":"","meta":{"inline_featured_image":false,"footnotes":""},"class_list":["post-1973","page","type-page","status-publish","hentry"],"_links":{"self":[{"href":"https:\/\/tatliarslan.av.tr\/en\/wp-json\/wp\/v2\/pages\/1973","targetHints":{"allow":["GET"]}}],"collection":[{"href":"https:\/\/tatliarslan.av.tr\/en\/wp-json\/wp\/v2\/pages"}],"about":[{"href":"https:\/\/tatliarslan.av.tr\/en\/wp-json\/wp\/v2\/types\/page"}],"author":[{"embeddable":true,"href":"https:\/\/tatliarslan.av.tr\/en\/wp-json\/wp\/v2\/users\/1"}],"replies":[{"embeddable":true,"href":"https:\/\/tatliarslan.av.tr\/en\/wp-json\/wp\/v2\/comments?post=1973"}],"version-history":[{"count":6,"href":"https:\/\/tatliarslan.av.tr\/en\/wp-json\/wp\/v2\/pages\/1973\/revisions"}],"predecessor-version":[{"id":2119,"href":"https:\/\/tatliarslan.av.tr\/en\/wp-json\/wp\/v2\/pages\/1973\/revisions\/2119"}],"up":[{"embeddable":true,"href":"https:\/\/tatliarslan.av.tr\/en\/wp-json\/wp\/v2\/pages\/1952"}],"wp:attachment":[{"href":"https:\/\/tatliarslan.av.tr\/en\/wp-json\/wp\/v2\/media?parent=1973"}],"curies":[{"name":"wp","href":"https:\/\/api.w.org\/{rel}","templated":true}]}}