{"id":1961,"date":"2024-07-30T11:45:27","date_gmt":"2024-07-30T11:45:27","guid":{"rendered":"https:\/\/tatliarslan.av.tr\/our-working-areas\/labor-law\/"},"modified":"2024-10-13T12:11:50","modified_gmt":"2024-10-13T12:11:50","slug":"labor-law","status":"publish","type":"page","link":"https:\/\/tatliarslan.av.tr\/en\/working-areas\/labor-law\/","title":{"rendered":"Labor Law"},"content":{"rendered":"\t\t<div data-elementor-type=\"wp-page\" data-elementor-id=\"1961\" class=\"elementor elementor-1961\" data-elementor-post-type=\"page\">\n\t\t\t\t<div class=\"elementor-element elementor-element-c433551 vv e-flex e-con-boxed e-con e-parent\" data-id=\"c433551\" data-element_type=\"container\" data-e-type=\"container\" data-settings=\"{&quot;background_background&quot;:&quot;classic&quot;,&quot;sticky&quot;:&quot;top&quot;,&quot;sticky_on&quot;:[&quot;desktop&quot;,&quot;tablet&quot;,&quot;mobile&quot;],&quot;sticky_offset&quot;:0,&quot;sticky_effects_offset&quot;:0}\">\n\t\t\t\t\t<div class=\"e-con-inner\">\n\t\t<div class=\"elementor-element elementor-element-15d5603 e-con-full e-flex e-con e-child\" data-id=\"15d5603\" data-element_type=\"container\" data-e-type=\"container\">\n\t\t\t\t<div class=\"elementor-element elementor-element-c042f82 elementor-widget elementor-widget-avo-logo\" data-id=\"c042f82\" data-element_type=\"widget\" data-e-type=\"widget\" data-widget_type=\"avo-logo.default\">\n\t\t\t\t<div class=\"elementor-widget-container\">\n\t\t\t\t\t \r\n\t\t \r\n         <div class=\"custom-logo\">\r\n\t\t\t<a href=\"https:\/\/tatliarslan.av.tr\/en\/\">\r\n\t\t\t\t\t<img decoding=\"async\" alt=\"Logo\" class=\"custom-logo-light\"  style=height:65px src=\"http:\/\/tatliarslan.av.tr\/wp-content\/uploads\/2024\/10\/ta_logo_white-01.svg\"> \r\n\r\n\t\t\t\t\t<img decoding=\"async\" alt=\"Logo\" class=\"custom-logo-dark\"  style=height:65px src=\"http:\/\/tatliarslan.av.tr\/wp-content\/uploads\/2024\/10\/ta_logo-01.svg\">\r\n\t\t\t<\/a>\r\n         <\/div>\r\n\t\t\r\n\t\t\t\t\t<\/div>\n\t\t\t\t<\/div>\n\t\t\t\t<\/div>\n\t\t<div class=\"elementor-element elementor-element-c732cc2 e-con-full e-flex e-con e-child\" data-id=\"c732cc2\" data-element_type=\"container\" data-e-type=\"container\">\n\t\t\t\t<div class=\"elementor-element elementor-element-618dd6c elementor-widget elementor-widget-avo-menu\" data-id=\"618dd6c\" data-element_type=\"widget\" data-e-type=\"widget\" data-widget_type=\"avo-menu.default\">\n\t\t\t\t<div class=\"elementor-widget-container\">\n\t\t\t\t\t\t\t\t\t\t\t\t\r\n                            <div class=\"avo-nav style-2 custom-sticky no-bg\">\r\n                                <div class=\"main-menu menu-wrapper hidden-xs hidden-sm  \">\r\n                                    <div class=\"menu-menu-1-container\"><ul id=\"menu-menu-1\" class=\"home-nav navigation menu\"><li id=\"menu-item-1334\" class=\"menu-item menu-item-type-post_type menu-item-object-page menu-item-home menu-item-1334\"><a href=\"https:\/\/tatliarslan.av.tr\/anasayfa\/\">Home<\/a><\/li>\n<li id=\"menu-item-1352\" class=\"menu-item menu-item-type-post_type menu-item-object-page menu-item-1352\"><a href=\"https:\/\/tatliarslan.av.tr\/hakkimizda\/\">About<\/a><\/li>\n<li id=\"menu-item-1335\" class=\"menu-item menu-item-type-post_type menu-item-object-page menu-item-1335\"><a href=\"https:\/\/tatliarslan.av.tr\/calisma-alanlarimiz\/\">Working Areas<\/a><\/li>\n<li id=\"menu-item-1351\" class=\"menu-item menu-item-type-post_type menu-item-object-page menu-item-1351\"><a href=\"https:\/\/tatliarslan.av.tr\/ekibimiz\/\">Team<\/a><\/li>\n<li id=\"menu-item-1353\" class=\"menu-item menu-item-type-post_type menu-item-object-page menu-item-1353\"><a href=\"https:\/\/tatliarslan.av.tr\/iletisim\/\">Contact<\/a><\/li>\n<li id=\"menu-item-wpml-ls-12-en\" class=\"menu-item wpml-ls-slot-12 wpml-ls-item wpml-ls-item-en wpml-ls-current-language wpml-ls-menu-item wpml-ls-first-item menu-item-type-wpml_ls_menu_item menu-item-object-wpml_ls_menu_item menu-item-has-children menu-item-wpml-ls-12-en\"><a href=\"http:\/\/tatliarslan.av.tr\/en\/\" title=\"English\"><img decoding=\"async\"\n            class=\"wpml-ls-flag\"\n            src=\"https:\/\/tatliarslan.av.tr\/wp-content\/plugins\/sitepress-multilingual-cms\/res\/flags\/en.svg\"\n            alt=\"\"\n            \n            \n    \/><span class=\"wpml-ls-native\" lang=\"en\">English<\/span><\/a>\n<ul class=\"sub-menu\">\n\t<li id=\"menu-item-wpml-ls-12-tr\" class=\"menu-item wpml-ls-slot-12 wpml-ls-item wpml-ls-item-tr wpml-ls-menu-item wpml-ls-last-item menu-item-type-wpml_ls_menu_item menu-item-object-wpml_ls_menu_item menu-item-wpml-ls-12-tr\"><a href=\"http:\/\/tatliarslan.av.tr\/\" title=\"Turkish\"><img decoding=\"async\"\n            class=\"wpml-ls-flag\"\n            src=\"https:\/\/tatliarslan.av.tr\/wp-content\/plugins\/sitepress-multilingual-cms\/res\/flags\/tr.svg\"\n            alt=\"\"\n            \n            \n    \/><span class=\"wpml-ls-native\" lang=\"tr\">T\u00fcrk\u00e7e<\/span><span class=\"wpml-ls-display\"><span class=\"wpml-ls-bracket\"> (<\/span>Turkish<span class=\"wpml-ls-bracket\">)<\/span><\/span><\/a><\/li>\n<\/ul>\n<\/li>\n<\/ul><\/div>                                <\/div><!--\/.menu-box-->\r\n                                <div class=\"mobile-wrapper hidden-lg hidden-md\">\r\n                                \t<a href=\"#\" class=\"hamburger\"><div class=\"hamburger__icon\"><\/div><\/a>\r\n                                    <div class=\"fat-nav\">\r\n                                        <div class=\"fat-nav__wrapper\">\r\n                                            \t\t\t\t\t\t\t\t\t\t\t\r\n\t\t\t\t\t\t\t\t\t\t\t<div class=\"fat-list\"> <ul id=\"menu-menu-2\" class=\"mob-nav  menu\"><li class=\"menu-item menu-item-type-post_type menu-item-object-page menu-item-home menu-item-1334\"><a href=\"https:\/\/tatliarslan.av.tr\/anasayfa\/\">Home<\/a><\/li>\n<li class=\"menu-item menu-item-type-post_type menu-item-object-page menu-item-1352\"><a href=\"https:\/\/tatliarslan.av.tr\/hakkimizda\/\">About<\/a><\/li>\n<li class=\"menu-item menu-item-type-post_type menu-item-object-page menu-item-1335\"><a href=\"https:\/\/tatliarslan.av.tr\/calisma-alanlarimiz\/\">Working Areas<\/a><\/li>\n<li class=\"menu-item menu-item-type-post_type menu-item-object-page menu-item-1351\"><a href=\"https:\/\/tatliarslan.av.tr\/ekibimiz\/\">Team<\/a><\/li>\n<li class=\"menu-item menu-item-type-post_type menu-item-object-page menu-item-1353\"><a href=\"https:\/\/tatliarslan.av.tr\/iletisim\/\">Contact<\/a><\/li>\n<li class=\"menu-item wpml-ls-slot-12 wpml-ls-item wpml-ls-item-en wpml-ls-current-language wpml-ls-menu-item wpml-ls-first-item menu-item-type-wpml_ls_menu_item menu-item-object-wpml_ls_menu_item menu-item-has-children menu-item-wpml-ls-12-en\"><a href=\"http:\/\/tatliarslan.av.tr\/en\/\" title=\"English\"><img decoding=\"async\"\n            class=\"wpml-ls-flag\"\n            src=\"https:\/\/tatliarslan.av.tr\/wp-content\/plugins\/sitepress-multilingual-cms\/res\/flags\/en.svg\"\n            alt=\"\"\n            \n            \n    \/><span class=\"wpml-ls-native\" lang=\"en\">English<\/span><\/a>\n<ul class=\"sub-menu\">\n\t<li class=\"menu-item wpml-ls-slot-12 wpml-ls-item wpml-ls-item-tr wpml-ls-menu-item wpml-ls-last-item menu-item-type-wpml_ls_menu_item menu-item-object-wpml_ls_menu_item menu-item-wpml-ls-12-tr\"><a href=\"http:\/\/tatliarslan.av.tr\/\" title=\"Turkish\"><img decoding=\"async\"\n            class=\"wpml-ls-flag\"\n            src=\"https:\/\/tatliarslan.av.tr\/wp-content\/plugins\/sitepress-multilingual-cms\/res\/flags\/tr.svg\"\n            alt=\"\"\n            \n            \n    \/><span class=\"wpml-ls-native\" lang=\"tr\">T\u00fcrk\u00e7e<\/span><span class=\"wpml-ls-display\"><span class=\"wpml-ls-bracket\"> (<\/span>Turkish<span class=\"wpml-ls-bracket\">)<\/span><\/span><\/a><\/li>\n<\/ul>\n<\/li>\n<\/ul><\/div>\r\n                                        <\/div>\r\n                                    <\/div>\r\n                                <\/div><!--\/.box-mobile-->\r\n                            <\/div>\t\t\t\t<\/div>\n\t\t\t\t<\/div>\n\t\t\t\t<\/div>\n\t\t\t\t\t<\/div>\n\t\t\t\t<\/div>\n\t\t<div class=\"elementor-element elementor-element-975d718 e-flex e-con-boxed e-con e-parent\" data-id=\"975d718\" data-element_type=\"container\" data-e-type=\"container\" data-settings=\"{&quot;background_background&quot;:&quot;classic&quot;}\">\n\t\t\t\t\t<div class=\"e-con-inner\">\n\t\t<div class=\"elementor-element elementor-element-ebc16a9 e-con-full e-flex e-con e-child\" data-id=\"ebc16a9\" data-element_type=\"container\" data-e-type=\"container\">\n\t\t\t\t<div class=\"elementor-element elementor-element-e589973 elementor-invisible elementor-widget elementor-widget-avo-title\" data-id=\"e589973\" data-element_type=\"widget\" data-e-type=\"widget\" data-settings=\"{&quot;_animation&quot;:&quot;fadeInUp&quot;}\" data-widget_type=\"avo-title.default\">\n\t\t\t\t<div class=\"elementor-widget-container\">\n\t\t\t\t\t \r\n<div class=\"avo-title style-1 \">\r\n\r\n\t    <div class=\"animate sub-title\">\r\n        <h6> <\/h6>\r\n        <span><\/span>\r\n        <span><\/span>\r\n        <span><\/span>\r\n    <\/div>\r\n    \r\n        <h3 class=\"main-title \" data-splitting>Labor Law<\/h3>\r\n        <p class=\" txt\" data-splitting><\/p>\r\n\t<\/div>\t\t\t\t<\/div>\n\t\t\t\t<\/div>\n\t\t\t\t<\/div>\n\t\t\t\t\t<\/div>\n\t\t\t\t<\/div>\n\t\t<div class=\"elementor-element elementor-element-dfbf4c5 e-flex e-con-boxed e-con e-parent\" data-id=\"dfbf4c5\" data-element_type=\"container\" data-e-type=\"container\">\n\t\t\t\t\t<div class=\"e-con-inner\">\n\t\t<div class=\"elementor-element elementor-element-82e6909 e-con-full e-flex e-con e-child\" data-id=\"82e6909\" data-element_type=\"container\" data-e-type=\"container\">\n\t\t\t\t<div class=\"elementor-element elementor-element-61ecaa7 elementor-widget elementor-widget-image\" data-id=\"61ecaa7\" data-element_type=\"widget\" data-e-type=\"widget\" data-widget_type=\"image.default\">\n\t\t\t\t<div class=\"elementor-widget-container\">\n\t\t\t\t\t\t\t\t\t\t\t\t\t\t\t<img fetchpriority=\"high\" decoding=\"async\" width=\"400\" height=\"600\" src=\"https:\/\/tatliarslan.av.tr\/wp-content\/uploads\/2024\/09\/0006_006.png\" class=\"attachment-large size-large wp-image-1505\" alt=\"\" \/>\t\t\t\t\t\t\t\t\t\t\t\t\t\t\t<\/div>\n\t\t\t\t<\/div>\n\t\t\t\t<\/div>\n\t\t<div class=\"elementor-element elementor-element-bbd53ab e-con-full e-flex e-con e-child\" data-id=\"bbd53ab\" data-element_type=\"container\" data-e-type=\"container\">\n\t\t\t\t<div class=\"elementor-element elementor-element-2a5a4de elementor-invisible elementor-widget elementor-widget-avo-title\" data-id=\"2a5a4de\" data-element_type=\"widget\" data-e-type=\"widget\" data-settings=\"{&quot;_animation&quot;:&quot;fadeInUp&quot;}\" data-widget_type=\"avo-title.default\">\n\t\t\t\t<div class=\"elementor-widget-container\">\n\t\t\t\t\t \r\n<div class=\"avo-title style-1 \">\r\n\r\n\t    <div class=\"animate sub-title\">\r\n        <h6> <\/h6>\r\n        <span><\/span>\r\n        <span><\/span>\r\n        <span><\/span>\r\n    <\/div>\r\n    \r\n        <p class=\" txt\" data-splitting><\/p>\r\n\t<\/div>\t\t\t\t<\/div>\n\t\t\t\t<\/div>\n\t\t\t\t<div class=\"elementor-element elementor-element-9cfc507 elementor-widget elementor-widget-text-editor\" data-id=\"9cfc507\" data-element_type=\"widget\" data-e-type=\"widget\" data-widget_type=\"text-editor.default\">\n\t\t\t\t<div class=\"elementor-widget-container\">\n\t\t\t\t\t\t\t\t\t<p>Our Labor Law practice provides comprehensive legal support on all matters related to employment, labor relations, and social security. We advise both employers and employees on labor rights, workplace policies, collective bargaining, and compliance with social security regulations. Our team has extensive experience in handling employment disputes, including wrongful termination, wage disputes, and workplace safety issues, while also assisting clients with social security claims, benefits, and contributions. We help businesses ensure compliance with both labor and social security laws, fostering positive workplace environments and protecting employee rights.<\/p>\t\t\t\t\t\t\t\t<\/div>\n\t\t\t\t<\/div>\n\t\t\t\t<div class=\"elementor-element elementor-element-87c692f elementor-widget elementor-widget-text-editor\" data-id=\"87c692f\" data-element_type=\"widget\" data-e-type=\"widget\" data-widget_type=\"text-editor.default\">\n\t\t\t\t<div class=\"elementor-widget-container\">\n\t\t\t\t\t\t\t\t\t<p><strong>Our practice includes:<\/strong><\/p><ul><li>Employment contracts and workplace policies<\/li><li>Collective bargaining and labor relations<\/li><li>Wrongful termination claims<\/li><li>Wage and hour disputes<\/li><li>Workplace safety compliance<\/li><li>Social security benefits and claims<\/li><li>Retirement and pension schemes<\/li><li>Compliance with social security contributions<\/li><li>Labor and social security dispute resolution<\/li><\/ul>\t\t\t\t\t\t\t\t<\/div>\n\t\t\t\t<\/div>\n\t\t\t\t<\/div>\n\t\t\t\t\t<\/div>\n\t\t\t\t<\/div>\n\t\t\t\t<section class=\"elementor-section elementor-top-section elementor-element elementor-element-6b48644 elementor-section-full_width elementor-section-height-default elementor-section-height-default\" data-id=\"6b48644\" data-element_type=\"section\" data-e-type=\"section\" data-settings=\"{&quot;background_background&quot;:&quot;classic&quot;}\">\n\t\t\t\t\t\t\t<div class=\"elementor-background-overlay\"><\/div>\n\t\t\t\t\t\t\t<div class=\"elementor-container elementor-column-gap-no\">\n\t\t\t\t\t<div class=\"elementor-column elementor-col-50 elementor-top-column elementor-element elementor-element-c0c8467\" data-id=\"c0c8467\" data-element_type=\"column\" data-e-type=\"column\" data-settings=\"{&quot;background_background&quot;:&quot;classic&quot;}\">\n\t\t\t<div class=\"elementor-widget-wrap elementor-element-populated\">\n\t\t\t\t\t\t<div class=\"elementor-element elementor-element-c8e256c elementor-widget elementor-widget-image\" data-id=\"c8e256c\" data-element_type=\"widget\" data-e-type=\"widget\" data-widget_type=\"image.default\">\n\t\t\t\t<div class=\"elementor-widget-container\">\n\t\t\t\t\t\t\t\t\t\t\t\t\t\t\t<img decoding=\"async\" width=\"300\" height=\"99\" src=\"https:\/\/tatliarslan.av.tr\/wp-content\/uploads\/2024\/06\/ta.png\" class=\"attachment-medium_large size-medium_large wp-image-11\" alt=\"\" \/>\t\t\t\t\t\t\t\t\t\t\t\t\t\t\t<\/div>\n\t\t\t\t<\/div>\n\t\t\t\t\t<\/div>\n\t\t<\/div>\n\t\t\t\t<div class=\"elementor-column elementor-col-50 elementor-top-column elementor-element elementor-element-ce8b698\" data-id=\"ce8b698\" data-element_type=\"column\" data-e-type=\"column\">\n\t\t\t<div class=\"elementor-widget-wrap elementor-element-populated\">\n\t\t\t\t\t\t<div class=\"elementor-element elementor-element-267cde4 elementor-widget elementor-widget-heading\" data-id=\"267cde4\" data-element_type=\"widget\" data-e-type=\"widget\" data-widget_type=\"heading.default\">\n\t\t\t\t<div class=\"elementor-widget-container\">\n\t\t\t\t\t<h2 class=\"elementor-heading-title elementor-size-default\"><strong>Email :<\/strong>  info@tatliarslan.av.tr<\/h2>\t\t\t\t<\/div>\n\t\t\t\t<\/div>\n\t\t\t\t<div class=\"elementor-element elementor-element-bc46e8a elementor-widget elementor-widget-spacer\" data-id=\"bc46e8a\" data-element_type=\"widget\" data-e-type=\"widget\" data-widget_type=\"spacer.default\">\n\t\t\t\t<div class=\"elementor-widget-container\">\n\t\t\t\t\t\t\t<div class=\"elementor-spacer\">\n\t\t\t<div class=\"elementor-spacer-inner\"><\/div>\n\t\t<\/div>\n\t\t\t\t\t\t<\/div>\n\t\t\t\t<\/div>\n\t\t\t\t<div class=\"elementor-element elementor-element-1cd4190 elementor-widget elementor-widget-heading\" data-id=\"1cd4190\" data-element_type=\"widget\" data-e-type=\"widget\" data-widget_type=\"heading.default\">\n\t\t\t\t<div class=\"elementor-widget-container\">\n\t\t\t\t\t<h2 class=\"elementor-heading-title elementor-size-default\"><strong>Adres :<\/strong>  Maslak Mah. Ahi Evran Cad. No:21,  Polaris Plaza, D:65, Sar\u0131yer \/ \u0130stanbul<\/h2>\t\t\t\t<\/div>\n\t\t\t\t<\/div>\n\t\t\t\t<div class=\"elementor-element elementor-element-7e2891b elementor-widget elementor-widget-spacer\" data-id=\"7e2891b\" data-element_type=\"widget\" data-e-type=\"widget\" data-widget_type=\"spacer.default\">\n\t\t\t\t<div class=\"elementor-widget-container\">\n\t\t\t\t\t\t\t<div class=\"elementor-spacer\">\n\t\t\t<div class=\"elementor-spacer-inner\"><\/div>\n\t\t<\/div>\n\t\t\t\t\t\t<\/div>\n\t\t\t\t<\/div>\n\t\t\t\t<div class=\"elementor-element elementor-element-fed2cd3 elementor-widget elementor-widget-heading\" data-id=\"fed2cd3\" data-element_type=\"widget\" data-e-type=\"widget\" data-widget_type=\"heading.default\">\n\t\t\t\t<div class=\"elementor-widget-container\">\n\t\t\t\t\t<h2 class=\"elementor-heading-title elementor-size-default\"><strong>Telefon :<\/strong> (+90) 212 416 04 01<\/h2>\t\t\t\t<\/div>\n\t\t\t\t<\/div>\n\t\t\t\t\t<\/div>\n\t\t<\/div>\n\t\t\t\t\t<\/div>\n\t\t<\/section>\n\t\t\t\t<section class=\"elementor-section elementor-top-section elementor-element elementor-element-68b34e4 elementor-section-boxed elementor-section-height-default elementor-section-height-default\" data-id=\"68b34e4\" data-element_type=\"section\" data-e-type=\"section\" data-settings=\"{&quot;background_background&quot;:&quot;classic&quot;}\">\n\t\t\t\t\t\t<div class=\"elementor-container elementor-column-gap-default\">\n\t\t\t\t\t<div class=\"elementor-column elementor-col-100 elementor-top-column elementor-element elementor-element-f239c6c\" data-id=\"f239c6c\" data-element_type=\"column\" data-e-type=\"column\">\n\t\t\t<div class=\"elementor-widget-wrap elementor-element-populated\">\n\t\t\t\t\t\t<div class=\"elementor-element elementor-element-24c5397 elementor-widget elementor-widget-text-editor\" data-id=\"24c5397\" data-element_type=\"widget\" data-e-type=\"widget\" data-widget_type=\"text-editor.default\">\n\t\t\t\t<div class=\"elementor-widget-container\">\n\t\t\t\t\t\t\t\t\t<p>\u00a9 2024, T\u00fcm Haklar\u0131 Sakl\u0131d\u0131r. <a href=\"http:\/\/gausscreative.com\"><strong>Gauss Creative<\/strong><\/a><\/p>\t\t\t\t\t\t\t\t<\/div>\n\t\t\t\t<\/div>\n\t\t\t\t\t<\/div>\n\t\t<\/div>\n\t\t\t\t\t<\/div>\n\t\t<\/section>\n\t\t\t\t<\/div>\n\t\t","protected":false},"excerpt":{"rendered":"<p>Anasayfa Hakk\u0131m\u0131zda \u00c7al\u0131\u015fma Alanlar\u0131m\u0131z Ekibimiz \u0130leti\u015fim Anasayfa Hakk\u0131m\u0131zda \u00c7al\u0131\u015fma Alanlar\u0131m\u0131z Ekibimiz \u0130leti\u015fim Labor Law Our Labor Law practice provides comprehensive legal support on all matters related to employment, labor relations, and social security. We advise both employers and employees on labor rights, workplace policies, collective bargaining, and compliance with social security regulations. Our team has extensive experience in handling employment &hellip;<\/p>\n","protected":false},"author":1,"featured_media":0,"parent":1952,"menu_order":0,"comment_status":"closed","ping_status":"closed","template":"","meta":{"inline_featured_image":false,"footnotes":""},"class_list":["post-1961","page","type-page","status-publish","hentry"],"_links":{"self":[{"href":"https:\/\/tatliarslan.av.tr\/en\/wp-json\/wp\/v2\/pages\/1961","targetHints":{"allow":["GET"]}}],"collection":[{"href":"https:\/\/tatliarslan.av.tr\/en\/wp-json\/wp\/v2\/pages"}],"about":[{"href":"https:\/\/tatliarslan.av.tr\/en\/wp-json\/wp\/v2\/types\/page"}],"author":[{"embeddable":true,"href":"https:\/\/tatliarslan.av.tr\/en\/wp-json\/wp\/v2\/users\/1"}],"replies":[{"embeddable":true,"href":"https:\/\/tatliarslan.av.tr\/en\/wp-json\/wp\/v2\/comments?post=1961"}],"version-history":[{"count":6,"href":"https:\/\/tatliarslan.av.tr\/en\/wp-json\/wp\/v2\/pages\/1961\/revisions"}],"predecessor-version":[{"id":2103,"href":"https:\/\/tatliarslan.av.tr\/en\/wp-json\/wp\/v2\/pages\/1961\/revisions\/2103"}],"up":[{"embeddable":true,"href":"https:\/\/tatliarslan.av.tr\/en\/wp-json\/wp\/v2\/pages\/1952"}],"wp:attachment":[{"href":"https:\/\/tatliarslan.av.tr\/en\/wp-json\/wp\/v2\/media?parent=1961"}],"curies":[{"name":"wp","href":"https:\/\/api.w.org\/{rel}","templated":true}]}}